{"id":5649,"date":"2026-01-29T14:10:01","date_gmt":"2026-01-29T19:10:01","guid":{"rendered":"https:\/\/www.royalcitytours.com\/?post_type=product&#038;p=5649"},"modified":"2026-03-03T18:09:03","modified_gmt":"2026-03-03T23:09:03","slug":"trolley-tour-of-manhattan","status":"publish","type":"product","link":"https:\/\/www.royalcitytours.com\/es\/tours\/trolley-tour-of-manhattan\/","title":{"rendered":"Tour en Tranv\u00eda por Manhattan"},"content":{"rendered":"<p>Experience Manhattan on a guided NYC Trolley tour with 7 hop-off photo stops. Walk Central Park, Rockefeller Center, SoHo, Brooklyn Bridge views, and the 9\/11 Memorial \u2014 relaxed, guided, no rush.<\/p>","protected":false},"excerpt":{"rendered":"<p>Un recorrido cl\u00e1sico por los barrios y monumentos m\u00e1s ic\u00f3nicos de Manhattan a bordo de un c\u00f3modo trolley, combinando historia, cultura vibrante y vistas inolvidables que capturan la energ\u00eda y el alma de Nueva York en un solo viaje relajado.<\/p>","protected":false},"featured_media":5674,"comment_status":"open","ping_status":"closed","template":"","meta":{"_glsr_average":0,"_glsr_ranking":0,"_glsr_reviews":0},"product_brand":[],"product_cat":[67,207],"product_tag":[],"class_list":{"0":"post-5649","1":"product","2":"type-product","3":"status-publish","4":"has-post-thumbnail","6":"product_cat-uncategorized","7":"product_cat-trolley","8":"tour_category-half-day","9":"tour_category-new-york-city","10":"tour_category-trolley-tours","12":"first","13":"instock","14":"sale","15":"shipping-taxable","16":"purchasable","17":"product-type-tour"},"yoast_head":"<!-- This site is optimized with the Yoast SEO plugin v26.9 - https:\/\/yoast.com\/product\/yoast-seo-wordpress\/ -->\n<title>Trolley Tour of Manhattan | Royal City Tours<\/title>\n<meta name=\"description\" content=\"Explore Manhattan on a guided NYC trolley tour with hop-off stops at Central Park, Rockefeller Center, Flatiron, SoHo, Brooklyn Bridge views, and the 9\/11 Memorial. Relaxed, photo-friendly, and expertly guided.\" \/>\n<meta name=\"robots\" content=\"index, follow, max-snippet:-1, max-image-preview:large, max-video-preview:-1\" \/>\n<link rel=\"canonical\" href=\"https:\/\/www.royalcitytours.com\/es\/tours\/trolley-tour-of-manhattan\/\" \/>\n<meta property=\"og:locale\" content=\"es_ES\" \/>\n<meta property=\"og:type\" content=\"article\" \/>\n<meta property=\"og:title\" content=\"Trolley Tour of Manhattan | Royal City Tours\" \/>\n<meta property=\"og:description\" content=\"Explore Manhattan on a guided NYC trolley tour with hop-off stops at Central Park, Rockefeller Center, Flatiron, SoHo, Brooklyn Bridge views, and the 9\/11 Memorial. Relaxed, photo-friendly, and expertly guided.\" \/>\n<meta property=\"og:url\" content=\"https:\/\/www.royalcitytours.com\/es\/tours\/trolley-tour-of-manhattan\/\" \/>\n<meta property=\"og:site_name\" content=\"Royal City Tours\" \/>\n<meta property=\"article:publisher\" content=\"https:\/\/www.facebook.com\/RoyalCityTours\/\" \/>\n<meta property=\"article:modified_time\" content=\"2026-03-03T23:09:03+00:00\" \/>\n<meta property=\"og:image\" content=\"https:\/\/www.royalcitytours.com\/wp-content\/uploads\/2026\/01\/Vintage-trolley-bus-in-NYC-street-1024x683.png\" \/>\n\t<meta property=\"og:image:width\" content=\"1024\" \/>\n\t<meta property=\"og:image:height\" content=\"683\" \/>\n\t<meta property=\"og:image:type\" content=\"image\/png\" \/>\n<meta name=\"twitter:card\" content=\"summary_large_image\" \/>\n<meta name=\"twitter:site\" content=\"@royalcitytours\" \/>\n<meta name=\"twitter:label1\" content=\"Tiempo de lectura\" \/>\n\t<meta name=\"twitter:data1\" content=\"1 minuto\" \/>\n<script type=\"application\/ld+json\" class=\"yoast-schema-graph\">{\"@context\":\"https:\/\/schema.org\",\"@graph\":[{\"@type\":\"WebPage\",\"@id\":\"https:\/\/www.royalcitytours.com\/tours\/trolley-tour-of-manhattan\/\",\"url\":\"https:\/\/www.royalcitytours.com\/tours\/trolley-tour-of-manhattan\/\",\"name\":\"Trolley Tour of Manhattan | Royal City Tours\",\"isPartOf\":{\"@id\":\"https:\/\/www.royalcitytours.com\/#website\"},\"primaryImageOfPage\":{\"@id\":\"https:\/\/www.royalcitytours.com\/tours\/trolley-tour-of-manhattan\/#primaryimage\"},\"image\":{\"@id\":\"https:\/\/www.royalcitytours.com\/tours\/trolley-tour-of-manhattan\/#primaryimage\"},\"thumbnailUrl\":\"https:\/\/www.royalcitytours.com\/wp-content\/uploads\/2026\/01\/Vintage-trolley-bus-in-NYC-street.png\",\"datePublished\":\"2026-01-29T19:10:01+00:00\",\"dateModified\":\"2026-03-03T23:09:03+00:00\",\"description\":\"Explore Manhattan on a guided NYC trolley tour with hop-off stops at Central Park, Rockefeller Center, Flatiron, SoHo, Brooklyn Bridge views, and the 9\/11 Memorial. Relaxed, photo-friendly, and expertly guided.\",\"breadcrumb\":{\"@id\":\"https:\/\/www.royalcitytours.com\/tours\/trolley-tour-of-manhattan\/#breadcrumb\"},\"inLanguage\":\"es\",\"potentialAction\":[{\"@type\":\"ReadAction\",\"target\":[\"https:\/\/www.royalcitytours.com\/tours\/trolley-tour-of-manhattan\/\"]}]},{\"@type\":\"ImageObject\",\"inLanguage\":\"es\",\"@id\":\"https:\/\/www.royalcitytours.com\/tours\/trolley-tour-of-manhattan\/#primaryimage\",\"url\":\"https:\/\/www.royalcitytours.com\/wp-content\/uploads\/2026\/01\/Vintage-trolley-bus-in-NYC-street.png\",\"contentUrl\":\"https:\/\/www.royalcitytours.com\/wp-content\/uploads\/2026\/01\/Vintage-trolley-bus-in-NYC-street.png\",\"width\":1536,\"height\":1024},{\"@type\":\"BreadcrumbList\",\"@id\":\"https:\/\/www.royalcitytours.com\/tours\/trolley-tour-of-manhattan\/#breadcrumb\",\"itemListElement\":[{\"@type\":\"ListItem\",\"position\":1,\"name\":\"Royal City Tours\",\"item\":\"https:\/\/www.royalcitytours.com\/\"},{\"@type\":\"ListItem\",\"position\":2,\"name\":\"Shop\",\"item\":\"https:\/\/www.royalcitytours.com\/shop\/\"},{\"@type\":\"ListItem\",\"position\":3,\"name\":\"Trolley Tour of Manhattan\"}]},{\"@type\":\"WebSite\",\"@id\":\"https:\/\/www.royalcitytours.com\/#website\",\"url\":\"https:\/\/www.royalcitytours.com\/\",\"name\":\"Royal City Tours\",\"description\":\"Offering a diamond experience with our premium tours\",\"publisher\":{\"@id\":\"https:\/\/www.royalcitytours.com\/#organization\"},\"potentialAction\":[{\"@type\":\"SearchAction\",\"target\":{\"@type\":\"EntryPoint\",\"urlTemplate\":\"https:\/\/www.royalcitytours.com\/?s={search_term_string}\"},\"query-input\":{\"@type\":\"PropertyValueSpecification\",\"valueRequired\":true,\"valueName\":\"search_term_string\"}}],\"inLanguage\":\"es\"},{\"@type\":\"Organization\",\"@id\":\"https:\/\/www.royalcitytours.com\/#organization\",\"name\":\"Royal City Tours\",\"url\":\"https:\/\/www.royalcitytours.com\/\",\"logo\":{\"@type\":\"ImageObject\",\"inLanguage\":\"es\",\"@id\":\"https:\/\/www.royalcitytours.com\/#\/schema\/logo\/image\/\",\"url\":\"https:\/\/www.royalcitytours.com\/wp-content\/uploads\/2017\/07\/logo-avatar.jpg\",\"contentUrl\":\"https:\/\/www.royalcitytours.com\/wp-content\/uploads\/2017\/07\/logo-avatar.jpg\",\"width\":200,\"height\":200,\"caption\":\"Royal City Tours\"},\"image\":{\"@id\":\"https:\/\/www.royalcitytours.com\/#\/schema\/logo\/image\/\"},\"sameAs\":[\"https:\/\/www.facebook.com\/RoyalCityTours\/\",\"https:\/\/x.com\/royalcitytours\",\"https:\/\/www.instagram.com\/royalcitytours\/\"]}]}<\/script>\n<!-- \/ Yoast SEO plugin. -->","yoast_head_json":{"title":"Trolley Tour of Manhattan | Royal City Tours","description":"Explore Manhattan on a guided NYC trolley tour with hop-off stops at Central Park, Rockefeller Center, Flatiron, SoHo, Brooklyn Bridge views, and the 9\/11 Memorial. Relaxed, photo-friendly, and expertly guided.","robots":{"index":"index","follow":"follow","max-snippet":"max-snippet:-1","max-image-preview":"max-image-preview:large","max-video-preview":"max-video-preview:-1"},"canonical":"https:\/\/www.royalcitytours.com\/es\/tours\/trolley-tour-of-manhattan\/","og_locale":"es_ES","og_type":"article","og_title":"Trolley Tour of Manhattan | Royal City Tours","og_description":"Explore Manhattan on a guided NYC trolley tour with hop-off stops at Central Park, Rockefeller Center, Flatiron, SoHo, Brooklyn Bridge views, and the 9\/11 Memorial. Relaxed, photo-friendly, and expertly guided.","og_url":"https:\/\/www.royalcitytours.com\/es\/tours\/trolley-tour-of-manhattan\/","og_site_name":"Royal City Tours","article_publisher":"https:\/\/www.facebook.com\/RoyalCityTours\/","article_modified_time":"2026-03-03T23:09:03+00:00","og_image":[{"width":1024,"height":683,"url":"https:\/\/www.royalcitytours.com\/wp-content\/uploads\/2026\/01\/Vintage-trolley-bus-in-NYC-street-1024x683.png","type":"image\/png"}],"twitter_card":"summary_large_image","twitter_site":"@royalcitytours","twitter_misc":{"Tiempo de lectura":"1 minuto"},"schema":{"@context":"https:\/\/schema.org","@graph":[{"@type":"WebPage","@id":"https:\/\/www.royalcitytours.com\/tours\/trolley-tour-of-manhattan\/","url":"https:\/\/www.royalcitytours.com\/tours\/trolley-tour-of-manhattan\/","name":"Trolley Tour of Manhattan | Royal City Tours","isPartOf":{"@id":"https:\/\/www.royalcitytours.com\/#website"},"primaryImageOfPage":{"@id":"https:\/\/www.royalcitytours.com\/tours\/trolley-tour-of-manhattan\/#primaryimage"},"image":{"@id":"https:\/\/www.royalcitytours.com\/tours\/trolley-tour-of-manhattan\/#primaryimage"},"thumbnailUrl":"https:\/\/www.royalcitytours.com\/wp-content\/uploads\/2026\/01\/Vintage-trolley-bus-in-NYC-street.png","datePublished":"2026-01-29T19:10:01+00:00","dateModified":"2026-03-03T23:09:03+00:00","description":"Explore Manhattan on a guided NYC trolley tour with hop-off stops at Central Park, Rockefeller Center, Flatiron, SoHo, Brooklyn Bridge views, and the 9\/11 Memorial. Relaxed, photo-friendly, and expertly guided.","breadcrumb":{"@id":"https:\/\/www.royalcitytours.com\/tours\/trolley-tour-of-manhattan\/#breadcrumb"},"inLanguage":"es","potentialAction":[{"@type":"ReadAction","target":["https:\/\/www.royalcitytours.com\/tours\/trolley-tour-of-manhattan\/"]}]},{"@type":"ImageObject","inLanguage":"es","@id":"https:\/\/www.royalcitytours.com\/tours\/trolley-tour-of-manhattan\/#primaryimage","url":"https:\/\/www.royalcitytours.com\/wp-content\/uploads\/2026\/01\/Vintage-trolley-bus-in-NYC-street.png","contentUrl":"https:\/\/www.royalcitytours.com\/wp-content\/uploads\/2026\/01\/Vintage-trolley-bus-in-NYC-street.png","width":1536,"height":1024},{"@type":"BreadcrumbList","@id":"https:\/\/www.royalcitytours.com\/tours\/trolley-tour-of-manhattan\/#breadcrumb","itemListElement":[{"@type":"ListItem","position":1,"name":"Royal City Tours","item":"https:\/\/www.royalcitytours.com\/"},{"@type":"ListItem","position":2,"name":"Shop","item":"https:\/\/www.royalcitytours.com\/shop\/"},{"@type":"ListItem","position":3,"name":"Trolley Tour of Manhattan"}]},{"@type":"WebSite","@id":"https:\/\/www.royalcitytours.com\/#website","url":"https:\/\/www.royalcitytours.com\/","name":"Royal City Tours","description":"Offering a diamond experience with our premium tours","publisher":{"@id":"https:\/\/www.royalcitytours.com\/#organization"},"potentialAction":[{"@type":"SearchAction","target":{"@type":"EntryPoint","urlTemplate":"https:\/\/www.royalcitytours.com\/?s={search_term_string}"},"query-input":{"@type":"PropertyValueSpecification","valueRequired":true,"valueName":"search_term_string"}}],"inLanguage":"es"},{"@type":"Organization","@id":"https:\/\/www.royalcitytours.com\/#organization","name":"Royal City Tours","url":"https:\/\/www.royalcitytours.com\/","logo":{"@type":"ImageObject","inLanguage":"es","@id":"https:\/\/www.royalcitytours.com\/#\/schema\/logo\/image\/","url":"https:\/\/www.royalcitytours.com\/wp-content\/uploads\/2017\/07\/logo-avatar.jpg","contentUrl":"https:\/\/www.royalcitytours.com\/wp-content\/uploads\/2017\/07\/logo-avatar.jpg","width":200,"height":200,"caption":"Royal City Tours"},"image":{"@id":"https:\/\/www.royalcitytours.com\/#\/schema\/logo\/image\/"},"sameAs":["https:\/\/www.facebook.com\/RoyalCityTours\/","https:\/\/x.com\/royalcitytours","https:\/\/www.instagram.com\/royalcitytours\/"]}]}},"_links":{"self":[{"href":"https:\/\/www.royalcitytours.com\/es\/wp-json\/wp\/v2\/product\/5649","targetHints":{"allow":["GET"]}}],"collection":[{"href":"https:\/\/www.royalcitytours.com\/es\/wp-json\/wp\/v2\/product"}],"about":[{"href":"https:\/\/www.royalcitytours.com\/es\/wp-json\/wp\/v2\/types\/product"}],"replies":[{"embeddable":true,"href":"https:\/\/www.royalcitytours.com\/es\/wp-json\/wp\/v2\/comments?post=5649"}],"wp:featuredmedia":[{"embeddable":true,"href":"https:\/\/www.royalcitytours.com\/es\/wp-json\/wp\/v2\/media\/5674"}],"wp:attachment":[{"href":"https:\/\/www.royalcitytours.com\/es\/wp-json\/wp\/v2\/media?parent=5649"}],"wp:term":[{"taxonomy":"product_brand","embeddable":true,"href":"https:\/\/www.royalcitytours.com\/es\/wp-json\/wp\/v2\/product_brand?post=5649"},{"taxonomy":"product_cat","embeddable":true,"href":"https:\/\/www.royalcitytours.com\/es\/wp-json\/wp\/v2\/product_cat?post=5649"},{"taxonomy":"product_tag","embeddable":true,"href":"https:\/\/www.royalcitytours.com\/es\/wp-json\/wp\/v2\/product_tag?post=5649"}],"curies":[{"name":"wp","href":"https:\/\/api.w.org\/{rel}","templated":true}]}}