{"id":5569,"date":"2025-10-30T12:25:51","date_gmt":"2025-10-30T16:25:51","guid":{"rendered":"https:\/\/www.royalcitytours.com\/?post_type=product&#038;p=5569"},"modified":"2026-02-25T11:16:52","modified_gmt":"2026-02-25T16:16:52","slug":"dyker-lights-by-trolley-a-christmas-spectacle","status":"publish","type":"product","link":"https:\/\/www.royalcitytours.com\/es\/tours\/dyker-lights-by-trolley-a-christmas-spectacle\/","title":{"rendered":"Luces de Dyker en Tranv\u00eda \u2013 Un Espect\u00e1culo Navide\u00f1o"},"content":{"rendered":"<p>La Experiencia Navide\u00f1a en Trolley por las Luces de Dyker es m\u00e1s que un tour \u2014 \u00a1es una celebraci\u00f3n llena de emoci\u00f3n de la magia navide\u00f1a de Nueva York!<\/p>\n<p>\u00a1Viva la tradici\u00f3n navide\u00f1a m\u00e1s brillante de Brooklyn con estilo!<\/p>\n<p>Celebre la magia de la temporada a bordo de nuestro festivo Trolley de Navidad mientras nos dirigimos a Dyker Heights, el vecindario m\u00e1s deslumbrante de Brooklyn durante las fiestas. Cada invierno, los residentes transforman sus hogares en impresionantes exhibiciones de luces, inflables y decoraciones \u2014 una tradici\u00f3n que le ha dado al \u00e1rea el t\u00edtulo de \u201cLa Capital Navide\u00f1a de Brooklyn.\u201d<\/p>\n<p style=\"text-align: center;\"><iframe title=\"YouTube video player\" data-src=\"https:\/\/www.youtube.com\/embed\/mlRDQQoV0UY?controls=0\" width=\"300\" height=\"200\" frameborder=\"0\" allowfullscreen=\"allowfullscreen\" src=\"data:image\/gif;base64,R0lGODlhAQABAAAAACH5BAEKAAEALAAAAAABAAEAAAICTAEAOw==\" class=\"lazyload\" data-load-mode=\"1\"><\/iframe><\/p>","protected":false},"excerpt":{"rendered":"<p>Celebra la temporada navide\u00f1a en un festivo recorrido en trolley por las espectaculares luces de Dyker Heights, donde decoraciones imponentes, calles brillantes y un esp\u00edritu lleno de alegr\u00eda crean una noche inolvidable que atesorar\u00e1s para siempre.<\/p>","protected":false},"featured_media":5570,"comment_status":"open","ping_status":"closed","template":"","meta":{"_glsr_average":0,"_glsr_ranking":0,"_glsr_reviews":0},"product_brand":[],"product_cat":[67],"product_tag":[],"class_list":{"0":"post-5569","1":"product","2":"type-product","3":"status-publish","4":"has-post-thumbnail","6":"product_cat-uncategorized","7":"tour_category-daytours","8":"tour_category-deals-and-discounts","9":"tour_category-half-day","10":"tour_category-hop-on-hop-off","11":"tour_category-new-york-city","12":"tour_category-night-tours","13":"tour_category-seasonal","14":"tour_category-trolley-tours","16":"first","17":"instock","18":"sale","19":"shipping-taxable","20":"purchasable","21":"product-type-tour"},"yoast_head":"<!-- This site is optimized with the Yoast SEO plugin v26.9 - https:\/\/yoast.com\/product\/yoast-seo-wordpress\/ -->\n<title>Dyker Lights by Trolley \u2013 A Christmas Spectacle | Royal City Tours<\/title>\n<meta name=\"description\" content=\"If you&#039;re looking for something to do in New York City during this holiday season make sure you put this on your list! It&#039;s cheery, it&#039;s bright, it\u2019s Christmas, it&#039;s NYC, it is everything Christmas about Christmas!\" \/>\n<meta name=\"robots\" content=\"index, follow, max-snippet:-1, max-image-preview:large, max-video-preview:-1\" \/>\n<link rel=\"canonical\" href=\"https:\/\/www.royalcitytours.com\/es\/tours\/dyker-lights-by-trolley-a-christmas-spectacle\/\" \/>\n<meta property=\"og:locale\" content=\"es_ES\" \/>\n<meta property=\"og:type\" content=\"article\" \/>\n<meta property=\"og:title\" content=\"Dyker Lights by Trolley \u2013 A Christmas Spectacle | Royal City Tours\" \/>\n<meta property=\"og:description\" content=\"If you&#039;re looking for something to do in New York City during this holiday season make sure you put this on your list! It&#039;s cheery, it&#039;s bright, it\u2019s Christmas, it&#039;s NYC, it is everything Christmas about Christmas!\" \/>\n<meta property=\"og:url\" content=\"https:\/\/www.royalcitytours.com\/es\/tours\/dyker-lights-by-trolley-a-christmas-spectacle\/\" \/>\n<meta property=\"og:site_name\" content=\"Royal City Tours\" \/>\n<meta property=\"article:publisher\" content=\"https:\/\/www.facebook.com\/RoyalCityTours\/\" \/>\n<meta property=\"article:modified_time\" content=\"2026-02-25T16:16:52+00:00\" \/>\n<meta property=\"og:image\" content=\"https:\/\/www.royalcitytours.com\/wp-content\/uploads\/2025\/10\/5e3dc53a-27cc-40bd-b768-5f3e0ab3a789-1024x683.png\" \/>\n\t<meta property=\"og:image:width\" content=\"1024\" \/>\n\t<meta property=\"og:image:height\" content=\"683\" \/>\n\t<meta property=\"og:image:type\" content=\"image\/png\" \/>\n<meta name=\"twitter:card\" content=\"summary_large_image\" \/>\n<meta name=\"twitter:site\" content=\"@royalcitytours\" \/>\n<meta name=\"twitter:label1\" content=\"Tiempo de lectura\" \/>\n\t<meta name=\"twitter:data1\" content=\"1 minuto\" \/>\n<script type=\"application\/ld+json\" class=\"yoast-schema-graph\">{\"@context\":\"https:\/\/schema.org\",\"@graph\":[{\"@type\":\"WebPage\",\"@id\":\"https:\/\/www.royalcitytours.com\/tours\/dyker-lights-by-trolley-a-christmas-spectacle\/\",\"url\":\"https:\/\/www.royalcitytours.com\/tours\/dyker-lights-by-trolley-a-christmas-spectacle\/\",\"name\":\"Dyker Lights by Trolley \u2013 A Christmas Spectacle | Royal City Tours\",\"isPartOf\":{\"@id\":\"https:\/\/www.royalcitytours.com\/#website\"},\"primaryImageOfPage\":{\"@id\":\"https:\/\/www.royalcitytours.com\/tours\/dyker-lights-by-trolley-a-christmas-spectacle\/#primaryimage\"},\"image\":{\"@id\":\"https:\/\/www.royalcitytours.com\/tours\/dyker-lights-by-trolley-a-christmas-spectacle\/#primaryimage\"},\"thumbnailUrl\":\"https:\/\/www.royalcitytours.com\/wp-content\/uploads\/2025\/10\/5e3dc53a-27cc-40bd-b768-5f3e0ab3a789.png\",\"datePublished\":\"2025-10-30T16:25:51+00:00\",\"dateModified\":\"2026-02-25T16:16:52+00:00\",\"description\":\"If you're looking for something to do in New York City during this holiday season make sure you put this on your list! It's cheery, it's bright, it\u2019s Christmas, it's NYC, it is everything Christmas about Christmas!\",\"breadcrumb\":{\"@id\":\"https:\/\/www.royalcitytours.com\/tours\/dyker-lights-by-trolley-a-christmas-spectacle\/#breadcrumb\"},\"inLanguage\":\"es\",\"potentialAction\":[{\"@type\":\"ReadAction\",\"target\":[\"https:\/\/www.royalcitytours.com\/tours\/dyker-lights-by-trolley-a-christmas-spectacle\/\"]}]},{\"@type\":\"ImageObject\",\"inLanguage\":\"es\",\"@id\":\"https:\/\/www.royalcitytours.com\/tours\/dyker-lights-by-trolley-a-christmas-spectacle\/#primaryimage\",\"url\":\"https:\/\/www.royalcitytours.com\/wp-content\/uploads\/2025\/10\/5e3dc53a-27cc-40bd-b768-5f3e0ab3a789.png\",\"contentUrl\":\"https:\/\/www.royalcitytours.com\/wp-content\/uploads\/2025\/10\/5e3dc53a-27cc-40bd-b768-5f3e0ab3a789.png\",\"width\":1536,\"height\":1024},{\"@type\":\"BreadcrumbList\",\"@id\":\"https:\/\/www.royalcitytours.com\/tours\/dyker-lights-by-trolley-a-christmas-spectacle\/#breadcrumb\",\"itemListElement\":[{\"@type\":\"ListItem\",\"position\":1,\"name\":\"Royal City Tours\",\"item\":\"https:\/\/www.royalcitytours.com\/\"},{\"@type\":\"ListItem\",\"position\":2,\"name\":\"Shop\",\"item\":\"https:\/\/www.royalcitytours.com\/shop\/\"},{\"@type\":\"ListItem\",\"position\":3,\"name\":\"Dyker Lights by Trolley \u2013 A Christmas Spectacle\"}]},{\"@type\":\"WebSite\",\"@id\":\"https:\/\/www.royalcitytours.com\/#website\",\"url\":\"https:\/\/www.royalcitytours.com\/\",\"name\":\"Royal City Tours\",\"description\":\"Offering a diamond experience with our premium tours\",\"publisher\":{\"@id\":\"https:\/\/www.royalcitytours.com\/#organization\"},\"potentialAction\":[{\"@type\":\"SearchAction\",\"target\":{\"@type\":\"EntryPoint\",\"urlTemplate\":\"https:\/\/www.royalcitytours.com\/?s={search_term_string}\"},\"query-input\":{\"@type\":\"PropertyValueSpecification\",\"valueRequired\":true,\"valueName\":\"search_term_string\"}}],\"inLanguage\":\"es\"},{\"@type\":\"Organization\",\"@id\":\"https:\/\/www.royalcitytours.com\/#organization\",\"name\":\"Royal City Tours\",\"url\":\"https:\/\/www.royalcitytours.com\/\",\"logo\":{\"@type\":\"ImageObject\",\"inLanguage\":\"es\",\"@id\":\"https:\/\/www.royalcitytours.com\/#\/schema\/logo\/image\/\",\"url\":\"https:\/\/www.royalcitytours.com\/wp-content\/uploads\/2017\/07\/logo-avatar.jpg\",\"contentUrl\":\"https:\/\/www.royalcitytours.com\/wp-content\/uploads\/2017\/07\/logo-avatar.jpg\",\"width\":200,\"height\":200,\"caption\":\"Royal City Tours\"},\"image\":{\"@id\":\"https:\/\/www.royalcitytours.com\/#\/schema\/logo\/image\/\"},\"sameAs\":[\"https:\/\/www.facebook.com\/RoyalCityTours\/\",\"https:\/\/x.com\/royalcitytours\",\"https:\/\/www.instagram.com\/royalcitytours\/\"]}]}<\/script>\n<!-- \/ Yoast SEO plugin. -->","yoast_head_json":{"title":"Dyker Lights by Trolley \u2013 A Christmas Spectacle | Royal City Tours","description":"If you're looking for something to do in New York City during this holiday season make sure you put this on your list! It's cheery, it's bright, it\u2019s Christmas, it's NYC, it is everything Christmas about Christmas!","robots":{"index":"index","follow":"follow","max-snippet":"max-snippet:-1","max-image-preview":"max-image-preview:large","max-video-preview":"max-video-preview:-1"},"canonical":"https:\/\/www.royalcitytours.com\/es\/tours\/dyker-lights-by-trolley-a-christmas-spectacle\/","og_locale":"es_ES","og_type":"article","og_title":"Dyker Lights by Trolley \u2013 A Christmas Spectacle | Royal City Tours","og_description":"If you're looking for something to do in New York City during this holiday season make sure you put this on your list! It's cheery, it's bright, it\u2019s Christmas, it's NYC, it is everything Christmas about Christmas!","og_url":"https:\/\/www.royalcitytours.com\/es\/tours\/dyker-lights-by-trolley-a-christmas-spectacle\/","og_site_name":"Royal City Tours","article_publisher":"https:\/\/www.facebook.com\/RoyalCityTours\/","article_modified_time":"2026-02-25T16:16:52+00:00","og_image":[{"width":1024,"height":683,"url":"https:\/\/www.royalcitytours.com\/wp-content\/uploads\/2025\/10\/5e3dc53a-27cc-40bd-b768-5f3e0ab3a789-1024x683.png","type":"image\/png"}],"twitter_card":"summary_large_image","twitter_site":"@royalcitytours","twitter_misc":{"Tiempo de lectura":"1 minuto"},"schema":{"@context":"https:\/\/schema.org","@graph":[{"@type":"WebPage","@id":"https:\/\/www.royalcitytours.com\/tours\/dyker-lights-by-trolley-a-christmas-spectacle\/","url":"https:\/\/www.royalcitytours.com\/tours\/dyker-lights-by-trolley-a-christmas-spectacle\/","name":"Dyker Lights by Trolley \u2013 A Christmas Spectacle | Royal City Tours","isPartOf":{"@id":"https:\/\/www.royalcitytours.com\/#website"},"primaryImageOfPage":{"@id":"https:\/\/www.royalcitytours.com\/tours\/dyker-lights-by-trolley-a-christmas-spectacle\/#primaryimage"},"image":{"@id":"https:\/\/www.royalcitytours.com\/tours\/dyker-lights-by-trolley-a-christmas-spectacle\/#primaryimage"},"thumbnailUrl":"https:\/\/www.royalcitytours.com\/wp-content\/uploads\/2025\/10\/5e3dc53a-27cc-40bd-b768-5f3e0ab3a789.png","datePublished":"2025-10-30T16:25:51+00:00","dateModified":"2026-02-25T16:16:52+00:00","description":"If you're looking for something to do in New York City during this holiday season make sure you put this on your list! It's cheery, it's bright, it\u2019s Christmas, it's NYC, it is everything Christmas about Christmas!","breadcrumb":{"@id":"https:\/\/www.royalcitytours.com\/tours\/dyker-lights-by-trolley-a-christmas-spectacle\/#breadcrumb"},"inLanguage":"es","potentialAction":[{"@type":"ReadAction","target":["https:\/\/www.royalcitytours.com\/tours\/dyker-lights-by-trolley-a-christmas-spectacle\/"]}]},{"@type":"ImageObject","inLanguage":"es","@id":"https:\/\/www.royalcitytours.com\/tours\/dyker-lights-by-trolley-a-christmas-spectacle\/#primaryimage","url":"https:\/\/www.royalcitytours.com\/wp-content\/uploads\/2025\/10\/5e3dc53a-27cc-40bd-b768-5f3e0ab3a789.png","contentUrl":"https:\/\/www.royalcitytours.com\/wp-content\/uploads\/2025\/10\/5e3dc53a-27cc-40bd-b768-5f3e0ab3a789.png","width":1536,"height":1024},{"@type":"BreadcrumbList","@id":"https:\/\/www.royalcitytours.com\/tours\/dyker-lights-by-trolley-a-christmas-spectacle\/#breadcrumb","itemListElement":[{"@type":"ListItem","position":1,"name":"Royal City Tours","item":"https:\/\/www.royalcitytours.com\/"},{"@type":"ListItem","position":2,"name":"Shop","item":"https:\/\/www.royalcitytours.com\/shop\/"},{"@type":"ListItem","position":3,"name":"Dyker Lights by Trolley \u2013 A Christmas Spectacle"}]},{"@type":"WebSite","@id":"https:\/\/www.royalcitytours.com\/#website","url":"https:\/\/www.royalcitytours.com\/","name":"Royal City Tours","description":"Offering a diamond experience with our premium tours","publisher":{"@id":"https:\/\/www.royalcitytours.com\/#organization"},"potentialAction":[{"@type":"SearchAction","target":{"@type":"EntryPoint","urlTemplate":"https:\/\/www.royalcitytours.com\/?s={search_term_string}"},"query-input":{"@type":"PropertyValueSpecification","valueRequired":true,"valueName":"search_term_string"}}],"inLanguage":"es"},{"@type":"Organization","@id":"https:\/\/www.royalcitytours.com\/#organization","name":"Royal City Tours","url":"https:\/\/www.royalcitytours.com\/","logo":{"@type":"ImageObject","inLanguage":"es","@id":"https:\/\/www.royalcitytours.com\/#\/schema\/logo\/image\/","url":"https:\/\/www.royalcitytours.com\/wp-content\/uploads\/2017\/07\/logo-avatar.jpg","contentUrl":"https:\/\/www.royalcitytours.com\/wp-content\/uploads\/2017\/07\/logo-avatar.jpg","width":200,"height":200,"caption":"Royal City Tours"},"image":{"@id":"https:\/\/www.royalcitytours.com\/#\/schema\/logo\/image\/"},"sameAs":["https:\/\/www.facebook.com\/RoyalCityTours\/","https:\/\/x.com\/royalcitytours","https:\/\/www.instagram.com\/royalcitytours\/"]}]}},"_links":{"self":[{"href":"https:\/\/www.royalcitytours.com\/es\/wp-json\/wp\/v2\/product\/5569","targetHints":{"allow":["GET"]}}],"collection":[{"href":"https:\/\/www.royalcitytours.com\/es\/wp-json\/wp\/v2\/product"}],"about":[{"href":"https:\/\/www.royalcitytours.com\/es\/wp-json\/wp\/v2\/types\/product"}],"replies":[{"embeddable":true,"href":"https:\/\/www.royalcitytours.com\/es\/wp-json\/wp\/v2\/comments?post=5569"}],"wp:featuredmedia":[{"embeddable":true,"href":"https:\/\/www.royalcitytours.com\/es\/wp-json\/wp\/v2\/media\/5570"}],"wp:attachment":[{"href":"https:\/\/www.royalcitytours.com\/es\/wp-json\/wp\/v2\/media?parent=5569"}],"wp:term":[{"taxonomy":"product_brand","embeddable":true,"href":"https:\/\/www.royalcitytours.com\/es\/wp-json\/wp\/v2\/product_brand?post=5569"},{"taxonomy":"product_cat","embeddable":true,"href":"https:\/\/www.royalcitytours.com\/es\/wp-json\/wp\/v2\/product_cat?post=5569"},{"taxonomy":"product_tag","embeddable":true,"href":"https:\/\/www.royalcitytours.com\/es\/wp-json\/wp\/v2\/product_tag?post=5569"}],"curies":[{"name":"wp","href":"https:\/\/api.w.org\/{rel}","templated":true}]}}