{"id":5426,"date":"2024-10-31T11:31:52","date_gmt":"2024-10-31T15:31:52","guid":{"rendered":"https:\/\/www.royalcitytours.com\/?post_type=product&#038;p=5426"},"modified":"2026-02-21T17:50:44","modified_gmt":"2026-02-21T22:50:44","slug":"washington-dc-one-day-tour-from-nyc","status":"publish","type":"product","link":"https:\/\/www.royalcitytours.com\/es\/tours\/washington-dc-one-day-tour-from-nyc\/","title":{"rendered":"Tour de Un D\u00eda a Washington DC desde NYC y NJ"},"content":{"rendered":"<p><span style=\"font-weight: 400;\">Si quieres la experiencia definitiva durante tus vacaciones en la Ciudad de Nueva York, \u00a1este es el viaje para ti!<\/span><\/p>\n<p><span style=\"font-weight: 400;\">Recorre los principales puntos destacados del hist\u00f3rico Washington DC y algunos de los mejores y menos conocidos lugares de inter\u00e9s de la ciudad en un solo d\u00eda durante esta excursi\u00f3n compartida de d\u00eda completo desde la Ciudad de Nueva York.<\/span><\/p>","protected":false},"excerpt":{"rendered":"<p>Explora el coraz\u00f3n de la naci\u00f3n en esta excursi\u00f3n de un d\u00eda a Washington, D.C. desde NYC \u2014 contempla de cerca monumentos ic\u00f3nicos, museos de clase mundial y lugares hist\u00f3ricos mientras descubres la historia, el poder y la belleza de la capital del pa\u00eds.<\/p>","protected":false},"featured_media":5427,"comment_status":"open","ping_status":"closed","template":"","meta":{"_glsr_average":0,"_glsr_ranking":0,"_glsr_reviews":0},"product_brand":[],"product_cat":[67],"product_tag":[],"class_list":{"0":"post-5426","1":"product","2":"type-product","3":"status-publish","4":"has-post-thumbnail","6":"product_cat-uncategorized","7":"tour_category-deals-and-discounts","8":"tour_category-full-day","9":"tour_category-hop-on-hop-off","10":"tour_category-washington-dc","12":"first","13":"instock","14":"sale","15":"shipping-taxable","16":"purchasable","17":"product-type-tour"},"yoast_head":"<!-- This site is optimized with the Yoast SEO plugin v26.9 - https:\/\/yoast.com\/product\/yoast-seo-wordpress\/ -->\n<title>Washington DC One Day Tour from NYC &amp; NJ | Royal City Tours<\/title>\n<meta name=\"description\" content=\"Cover the highlights of history-filled Washington DC and some of the city\u2019s best and lesser-known points of interest in a single day during this full-day shared excursion from New York City.\" \/>\n<meta name=\"robots\" content=\"index, follow, max-snippet:-1, max-image-preview:large, max-video-preview:-1\" \/>\n<link rel=\"canonical\" href=\"https:\/\/www.royalcitytours.com\/es\/tours\/washington-dc-one-day-tour-from-nyc\/\" \/>\n<meta property=\"og:locale\" content=\"es_ES\" \/>\n<meta property=\"og:type\" content=\"article\" \/>\n<meta property=\"og:title\" content=\"Washington DC One Day Tour from NYC &amp; NJ | Royal City Tours\" \/>\n<meta property=\"og:description\" content=\"Cover the highlights of history-filled Washington DC and some of the city\u2019s best and lesser-known points of interest in a single day during this full-day shared excursion from New York City.\" \/>\n<meta property=\"og:url\" content=\"https:\/\/www.royalcitytours.com\/es\/tours\/washington-dc-one-day-tour-from-nyc\/\" \/>\n<meta property=\"og:site_name\" content=\"Royal City Tours\" \/>\n<meta property=\"article:publisher\" content=\"https:\/\/www.facebook.com\/RoyalCityTours\/\" \/>\n<meta property=\"article:modified_time\" content=\"2026-02-21T22:50:44+00:00\" \/>\n<meta property=\"og:image\" content=\"https:\/\/www.royalcitytours.com\/wp-content\/uploads\/2024\/10\/20240204_100609.jpg\" \/>\n\t<meta property=\"og:image:width\" content=\"1200\" \/>\n\t<meta property=\"og:image:height\" content=\"800\" \/>\n\t<meta property=\"og:image:type\" content=\"image\/jpeg\" \/>\n<meta name=\"twitter:card\" content=\"summary_large_image\" \/>\n<meta name=\"twitter:site\" content=\"@royalcitytours\" \/>\n<meta name=\"twitter:label1\" content=\"Tiempo de lectura\" \/>\n\t<meta name=\"twitter:data1\" content=\"1 minuto\" \/>\n<script type=\"application\/ld+json\" class=\"yoast-schema-graph\">{\"@context\":\"https:\/\/schema.org\",\"@graph\":[{\"@type\":\"WebPage\",\"@id\":\"https:\/\/www.royalcitytours.com\/tours\/washington-dc-one-day-tour-from-nyc\/\",\"url\":\"https:\/\/www.royalcitytours.com\/tours\/washington-dc-one-day-tour-from-nyc\/\",\"name\":\"Washington DC One Day Tour from NYC & NJ | Royal City Tours\",\"isPartOf\":{\"@id\":\"https:\/\/www.royalcitytours.com\/#website\"},\"primaryImageOfPage\":{\"@id\":\"https:\/\/www.royalcitytours.com\/tours\/washington-dc-one-day-tour-from-nyc\/#primaryimage\"},\"image\":{\"@id\":\"https:\/\/www.royalcitytours.com\/tours\/washington-dc-one-day-tour-from-nyc\/#primaryimage\"},\"thumbnailUrl\":\"https:\/\/www.royalcitytours.com\/wp-content\/uploads\/2024\/10\/20240204_100609.jpg\",\"datePublished\":\"2024-10-31T15:31:52+00:00\",\"dateModified\":\"2026-02-21T22:50:44+00:00\",\"description\":\"Cover the highlights of history-filled Washington DC and some of the city\u2019s best and lesser-known points of interest in a single day during this full-day shared excursion from New York City.\",\"breadcrumb\":{\"@id\":\"https:\/\/www.royalcitytours.com\/tours\/washington-dc-one-day-tour-from-nyc\/#breadcrumb\"},\"inLanguage\":\"es\",\"potentialAction\":[{\"@type\":\"ReadAction\",\"target\":[\"https:\/\/www.royalcitytours.com\/tours\/washington-dc-one-day-tour-from-nyc\/\"]}]},{\"@type\":\"ImageObject\",\"inLanguage\":\"es\",\"@id\":\"https:\/\/www.royalcitytours.com\/tours\/washington-dc-one-day-tour-from-nyc\/#primaryimage\",\"url\":\"https:\/\/www.royalcitytours.com\/wp-content\/uploads\/2024\/10\/20240204_100609.jpg\",\"contentUrl\":\"https:\/\/www.royalcitytours.com\/wp-content\/uploads\/2024\/10\/20240204_100609.jpg\",\"width\":1200,\"height\":800},{\"@type\":\"BreadcrumbList\",\"@id\":\"https:\/\/www.royalcitytours.com\/tours\/washington-dc-one-day-tour-from-nyc\/#breadcrumb\",\"itemListElement\":[{\"@type\":\"ListItem\",\"position\":1,\"name\":\"Royal City Tours\",\"item\":\"https:\/\/www.royalcitytours.com\/\"},{\"@type\":\"ListItem\",\"position\":2,\"name\":\"Shop\",\"item\":\"https:\/\/www.royalcitytours.com\/shop\/\"},{\"@type\":\"ListItem\",\"position\":3,\"name\":\"Washington DC One Day Tour from NYC &#038; NJ\"}]},{\"@type\":\"WebSite\",\"@id\":\"https:\/\/www.royalcitytours.com\/#website\",\"url\":\"https:\/\/www.royalcitytours.com\/\",\"name\":\"Royal City Tours\",\"description\":\"Offering a diamond experience with our premium tours\",\"publisher\":{\"@id\":\"https:\/\/www.royalcitytours.com\/#organization\"},\"potentialAction\":[{\"@type\":\"SearchAction\",\"target\":{\"@type\":\"EntryPoint\",\"urlTemplate\":\"https:\/\/www.royalcitytours.com\/?s={search_term_string}\"},\"query-input\":{\"@type\":\"PropertyValueSpecification\",\"valueRequired\":true,\"valueName\":\"search_term_string\"}}],\"inLanguage\":\"es\"},{\"@type\":\"Organization\",\"@id\":\"https:\/\/www.royalcitytours.com\/#organization\",\"name\":\"Royal City Tours\",\"url\":\"https:\/\/www.royalcitytours.com\/\",\"logo\":{\"@type\":\"ImageObject\",\"inLanguage\":\"es\",\"@id\":\"https:\/\/www.royalcitytours.com\/#\/schema\/logo\/image\/\",\"url\":\"https:\/\/www.royalcitytours.com\/wp-content\/uploads\/2017\/07\/logo-avatar.jpg\",\"contentUrl\":\"https:\/\/www.royalcitytours.com\/wp-content\/uploads\/2017\/07\/logo-avatar.jpg\",\"width\":200,\"height\":200,\"caption\":\"Royal City Tours\"},\"image\":{\"@id\":\"https:\/\/www.royalcitytours.com\/#\/schema\/logo\/image\/\"},\"sameAs\":[\"https:\/\/www.facebook.com\/RoyalCityTours\/\",\"https:\/\/x.com\/royalcitytours\",\"https:\/\/www.instagram.com\/royalcitytours\/\"]}]}<\/script>\n<!-- \/ Yoast SEO plugin. -->","yoast_head_json":{"title":"Washington DC One Day Tour from NYC & NJ | Royal City Tours","description":"Cover the highlights of history-filled Washington DC and some of the city\u2019s best and lesser-known points of interest in a single day during this full-day shared excursion from New York City.","robots":{"index":"index","follow":"follow","max-snippet":"max-snippet:-1","max-image-preview":"max-image-preview:large","max-video-preview":"max-video-preview:-1"},"canonical":"https:\/\/www.royalcitytours.com\/es\/tours\/washington-dc-one-day-tour-from-nyc\/","og_locale":"es_ES","og_type":"article","og_title":"Washington DC One Day Tour from NYC & NJ | Royal City Tours","og_description":"Cover the highlights of history-filled Washington DC and some of the city\u2019s best and lesser-known points of interest in a single day during this full-day shared excursion from New York City.","og_url":"https:\/\/www.royalcitytours.com\/es\/tours\/washington-dc-one-day-tour-from-nyc\/","og_site_name":"Royal City Tours","article_publisher":"https:\/\/www.facebook.com\/RoyalCityTours\/","article_modified_time":"2026-02-21T22:50:44+00:00","og_image":[{"width":1200,"height":800,"url":"https:\/\/www.royalcitytours.com\/wp-content\/uploads\/2024\/10\/20240204_100609.jpg","type":"image\/jpeg"}],"twitter_card":"summary_large_image","twitter_site":"@royalcitytours","twitter_misc":{"Tiempo de lectura":"1 minuto"},"schema":{"@context":"https:\/\/schema.org","@graph":[{"@type":"WebPage","@id":"https:\/\/www.royalcitytours.com\/tours\/washington-dc-one-day-tour-from-nyc\/","url":"https:\/\/www.royalcitytours.com\/tours\/washington-dc-one-day-tour-from-nyc\/","name":"Washington DC One Day Tour from NYC & NJ | Royal City Tours","isPartOf":{"@id":"https:\/\/www.royalcitytours.com\/#website"},"primaryImageOfPage":{"@id":"https:\/\/www.royalcitytours.com\/tours\/washington-dc-one-day-tour-from-nyc\/#primaryimage"},"image":{"@id":"https:\/\/www.royalcitytours.com\/tours\/washington-dc-one-day-tour-from-nyc\/#primaryimage"},"thumbnailUrl":"https:\/\/www.royalcitytours.com\/wp-content\/uploads\/2024\/10\/20240204_100609.jpg","datePublished":"2024-10-31T15:31:52+00:00","dateModified":"2026-02-21T22:50:44+00:00","description":"Cover the highlights of history-filled Washington DC and some of the city\u2019s best and lesser-known points of interest in a single day during this full-day shared excursion from New York City.","breadcrumb":{"@id":"https:\/\/www.royalcitytours.com\/tours\/washington-dc-one-day-tour-from-nyc\/#breadcrumb"},"inLanguage":"es","potentialAction":[{"@type":"ReadAction","target":["https:\/\/www.royalcitytours.com\/tours\/washington-dc-one-day-tour-from-nyc\/"]}]},{"@type":"ImageObject","inLanguage":"es","@id":"https:\/\/www.royalcitytours.com\/tours\/washington-dc-one-day-tour-from-nyc\/#primaryimage","url":"https:\/\/www.royalcitytours.com\/wp-content\/uploads\/2024\/10\/20240204_100609.jpg","contentUrl":"https:\/\/www.royalcitytours.com\/wp-content\/uploads\/2024\/10\/20240204_100609.jpg","width":1200,"height":800},{"@type":"BreadcrumbList","@id":"https:\/\/www.royalcitytours.com\/tours\/washington-dc-one-day-tour-from-nyc\/#breadcrumb","itemListElement":[{"@type":"ListItem","position":1,"name":"Royal City Tours","item":"https:\/\/www.royalcitytours.com\/"},{"@type":"ListItem","position":2,"name":"Shop","item":"https:\/\/www.royalcitytours.com\/shop\/"},{"@type":"ListItem","position":3,"name":"Washington DC One Day Tour from NYC &#038; NJ"}]},{"@type":"WebSite","@id":"https:\/\/www.royalcitytours.com\/#website","url":"https:\/\/www.royalcitytours.com\/","name":"Royal City Tours","description":"Offering a diamond experience with our premium tours","publisher":{"@id":"https:\/\/www.royalcitytours.com\/#organization"},"potentialAction":[{"@type":"SearchAction","target":{"@type":"EntryPoint","urlTemplate":"https:\/\/www.royalcitytours.com\/?s={search_term_string}"},"query-input":{"@type":"PropertyValueSpecification","valueRequired":true,"valueName":"search_term_string"}}],"inLanguage":"es"},{"@type":"Organization","@id":"https:\/\/www.royalcitytours.com\/#organization","name":"Royal City Tours","url":"https:\/\/www.royalcitytours.com\/","logo":{"@type":"ImageObject","inLanguage":"es","@id":"https:\/\/www.royalcitytours.com\/#\/schema\/logo\/image\/","url":"https:\/\/www.royalcitytours.com\/wp-content\/uploads\/2017\/07\/logo-avatar.jpg","contentUrl":"https:\/\/www.royalcitytours.com\/wp-content\/uploads\/2017\/07\/logo-avatar.jpg","width":200,"height":200,"caption":"Royal City Tours"},"image":{"@id":"https:\/\/www.royalcitytours.com\/#\/schema\/logo\/image\/"},"sameAs":["https:\/\/www.facebook.com\/RoyalCityTours\/","https:\/\/x.com\/royalcitytours","https:\/\/www.instagram.com\/royalcitytours\/"]}]}},"_links":{"self":[{"href":"https:\/\/www.royalcitytours.com\/es\/wp-json\/wp\/v2\/product\/5426","targetHints":{"allow":["GET"]}}],"collection":[{"href":"https:\/\/www.royalcitytours.com\/es\/wp-json\/wp\/v2\/product"}],"about":[{"href":"https:\/\/www.royalcitytours.com\/es\/wp-json\/wp\/v2\/types\/product"}],"replies":[{"embeddable":true,"href":"https:\/\/www.royalcitytours.com\/es\/wp-json\/wp\/v2\/comments?post=5426"}],"wp:featuredmedia":[{"embeddable":true,"href":"https:\/\/www.royalcitytours.com\/es\/wp-json\/wp\/v2\/media\/5427"}],"wp:attachment":[{"href":"https:\/\/www.royalcitytours.com\/es\/wp-json\/wp\/v2\/media?parent=5426"}],"wp:term":[{"taxonomy":"product_brand","embeddable":true,"href":"https:\/\/www.royalcitytours.com\/es\/wp-json\/wp\/v2\/product_brand?post=5426"},{"taxonomy":"product_cat","embeddable":true,"href":"https:\/\/www.royalcitytours.com\/es\/wp-json\/wp\/v2\/product_cat?post=5426"},{"taxonomy":"product_tag","embeddable":true,"href":"https:\/\/www.royalcitytours.com\/es\/wp-json\/wp\/v2\/product_tag?post=5426"}],"curies":[{"name":"wp","href":"https:\/\/api.w.org\/{rel}","templated":true}]}}