{"id":5067,"date":"2021-02-26T10:13:53","date_gmt":"2021-02-26T15:13:53","guid":{"rendered":"https:\/\/www.royalcitytours.com\/?post_type=product&#038;p=5067"},"modified":"2026-02-22T16:31:40","modified_gmt":"2026-02-22T21:31:40","slug":"niagara-falls-walking-tour","status":"publish","type":"product","link":"https:\/\/www.royalcitytours.com\/es\/tours\/niagara-falls-walking-tour\/","title":{"rendered":"2 Hrs caminando por las Cataratas del Ni\u00e1gara NY"},"content":{"rendered":"<p>\u00a1Royal City Tours te invita a explorar con nosotros una de las maravillas naturales del mundo, con vistas de cerca e \u00edntimas de las impresionantes y majestuosas Cataratas del Ni\u00e1gara! Esta es una oportunidad que no debes perder, y experimentar\u00e1s lo mejor de las Cataratas durante este recorrido guiado en vivo de 2 horas. El contraste entre el intenso poder de la naturaleza y su elegante belleza se muestra en todo su esplendor para aquellos afortunados que tengan esta experiencia \u00fanica en la vida.<\/p>","protected":false},"excerpt":{"rendered":"<p>Recorre los senderos esc\u00e9nicos de las Cataratas del Ni\u00e1gara y vive de cerca el estruendo, la bruma y los deslumbrantes arco\u00edris \u2014 una aventura a pie por uno de los mayores espect\u00e1culos de la naturaleza que convierte un d\u00eda en un recuerdo \u00fanico en la vida.<\/p>","protected":false},"featured_media":5074,"comment_status":"open","ping_status":"closed","template":"","meta":{"_glsr_average":0,"_glsr_ranking":0,"_glsr_reviews":0},"product_brand":[],"product_cat":[67],"product_tag":[],"class_list":{"0":"post-5067","1":"product","2":"type-product","3":"status-publish","4":"has-post-thumbnail","6":"product_cat-uncategorized","7":"tour_category-daytours","8":"tour_category-half-day","9":"tour_category-niagara-falls","10":"tour_category-walking","12":"first","13":"instock","14":"shipping-taxable","15":"purchasable","16":"product-type-tour"},"yoast_head":"<!-- This site is optimized with the Yoast SEO plugin v26.9 - https:\/\/yoast.com\/product\/yoast-seo-wordpress\/ -->\n<title>Niagara Falls Walking Tour | Royal City Tours<\/title>\n<meta name=\"description\" content=\"High Line and Hudson Yards Walking tour will help you experience the elevated green oasis and the most current and most expensive development in NYC.\" \/>\n<meta name=\"robots\" content=\"index, follow, max-snippet:-1, max-image-preview:large, max-video-preview:-1\" \/>\n<link rel=\"canonical\" href=\"https:\/\/www.royalcitytours.com\/es\/tours\/niagara-falls-walking-tour\/\" \/>\n<meta property=\"og:locale\" content=\"es_ES\" \/>\n<meta property=\"og:type\" content=\"article\" \/>\n<meta property=\"og:title\" content=\"Niagara Falls Walking Tour | Royal City Tours\" \/>\n<meta property=\"og:description\" content=\"High Line and Hudson Yards Walking tour will help you experience the elevated green oasis and the most current and most expensive development in NYC.\" \/>\n<meta property=\"og:url\" content=\"https:\/\/www.royalcitytours.com\/es\/tours\/niagara-falls-walking-tour\/\" \/>\n<meta property=\"og:site_name\" content=\"Royal City Tours\" \/>\n<meta property=\"article:publisher\" content=\"https:\/\/www.facebook.com\/RoyalCityTours\/\" \/>\n<meta property=\"article:modified_time\" content=\"2026-02-22T21:31:40+00:00\" \/>\n<meta property=\"og:image\" content=\"https:\/\/www.royalcitytours.com\/wp-content\/uploads\/2021\/02\/Niagara-Walking-New-1-scaled.jpg\" \/>\n\t<meta property=\"og:image:width\" content=\"2560\" \/>\n\t<meta property=\"og:image:height\" content=\"1278\" \/>\n\t<meta property=\"og:image:type\" content=\"image\/jpeg\" \/>\n<meta name=\"twitter:card\" content=\"summary_large_image\" \/>\n<meta name=\"twitter:site\" content=\"@royalcitytours\" \/>\n<meta name=\"twitter:label1\" content=\"Tiempo de lectura\" \/>\n\t<meta name=\"twitter:data1\" content=\"1 minuto\" \/>\n<script type=\"application\/ld+json\" class=\"yoast-schema-graph\">{\"@context\":\"https:\/\/schema.org\",\"@graph\":[{\"@type\":\"WebPage\",\"@id\":\"https:\/\/www.royalcitytours.com\/tours\/niagara-falls-walking-tour\/\",\"url\":\"https:\/\/www.royalcitytours.com\/tours\/niagara-falls-walking-tour\/\",\"name\":\"Niagara Falls Walking Tour | Royal City Tours\",\"isPartOf\":{\"@id\":\"https:\/\/www.royalcitytours.com\/#website\"},\"primaryImageOfPage\":{\"@id\":\"https:\/\/www.royalcitytours.com\/tours\/niagara-falls-walking-tour\/#primaryimage\"},\"image\":{\"@id\":\"https:\/\/www.royalcitytours.com\/tours\/niagara-falls-walking-tour\/#primaryimage\"},\"thumbnailUrl\":\"https:\/\/www.royalcitytours.com\/wp-content\/uploads\/2021\/02\/Niagara-Walking-New-1-scaled.jpg\",\"datePublished\":\"2021-02-26T15:13:53+00:00\",\"dateModified\":\"2026-02-22T21:31:40+00:00\",\"description\":\"High Line and Hudson Yards Walking tour will help you experience the elevated green oasis and the most current and most expensive development in NYC.\",\"breadcrumb\":{\"@id\":\"https:\/\/www.royalcitytours.com\/tours\/niagara-falls-walking-tour\/#breadcrumb\"},\"inLanguage\":\"es\",\"potentialAction\":[{\"@type\":\"ReadAction\",\"target\":[\"https:\/\/www.royalcitytours.com\/tours\/niagara-falls-walking-tour\/\"]}]},{\"@type\":\"ImageObject\",\"inLanguage\":\"es\",\"@id\":\"https:\/\/www.royalcitytours.com\/tours\/niagara-falls-walking-tour\/#primaryimage\",\"url\":\"https:\/\/www.royalcitytours.com\/wp-content\/uploads\/2021\/02\/Niagara-Walking-New-1-scaled.jpg\",\"contentUrl\":\"https:\/\/www.royalcitytours.com\/wp-content\/uploads\/2021\/02\/Niagara-Walking-New-1-scaled.jpg\",\"width\":2560,\"height\":1278},{\"@type\":\"BreadcrumbList\",\"@id\":\"https:\/\/www.royalcitytours.com\/tours\/niagara-falls-walking-tour\/#breadcrumb\",\"itemListElement\":[{\"@type\":\"ListItem\",\"position\":1,\"name\":\"Royal City Tours\",\"item\":\"https:\/\/www.royalcitytours.com\/\"},{\"@type\":\"ListItem\",\"position\":2,\"name\":\"Shop\",\"item\":\"https:\/\/www.royalcitytours.com\/shop\/\"},{\"@type\":\"ListItem\",\"position\":3,\"name\":\"Niagara Falls Walking Tour\"}]},{\"@type\":\"WebSite\",\"@id\":\"https:\/\/www.royalcitytours.com\/#website\",\"url\":\"https:\/\/www.royalcitytours.com\/\",\"name\":\"Royal City Tours\",\"description\":\"Offering a diamond experience with our premium tours\",\"publisher\":{\"@id\":\"https:\/\/www.royalcitytours.com\/#organization\"},\"potentialAction\":[{\"@type\":\"SearchAction\",\"target\":{\"@type\":\"EntryPoint\",\"urlTemplate\":\"https:\/\/www.royalcitytours.com\/?s={search_term_string}\"},\"query-input\":{\"@type\":\"PropertyValueSpecification\",\"valueRequired\":true,\"valueName\":\"search_term_string\"}}],\"inLanguage\":\"es\"},{\"@type\":\"Organization\",\"@id\":\"https:\/\/www.royalcitytours.com\/#organization\",\"name\":\"Royal City Tours\",\"url\":\"https:\/\/www.royalcitytours.com\/\",\"logo\":{\"@type\":\"ImageObject\",\"inLanguage\":\"es\",\"@id\":\"https:\/\/www.royalcitytours.com\/#\/schema\/logo\/image\/\",\"url\":\"https:\/\/www.royalcitytours.com\/wp-content\/uploads\/2017\/07\/logo-avatar.jpg\",\"contentUrl\":\"https:\/\/www.royalcitytours.com\/wp-content\/uploads\/2017\/07\/logo-avatar.jpg\",\"width\":200,\"height\":200,\"caption\":\"Royal City Tours\"},\"image\":{\"@id\":\"https:\/\/www.royalcitytours.com\/#\/schema\/logo\/image\/\"},\"sameAs\":[\"https:\/\/www.facebook.com\/RoyalCityTours\/\",\"https:\/\/x.com\/royalcitytours\",\"https:\/\/www.instagram.com\/royalcitytours\/\"]}]}<\/script>\n<!-- \/ Yoast SEO plugin. -->","yoast_head_json":{"title":"Niagara Falls Walking Tour | Royal City Tours","description":"High Line and Hudson Yards Walking tour will help you experience the elevated green oasis and the most current and most expensive development in NYC.","robots":{"index":"index","follow":"follow","max-snippet":"max-snippet:-1","max-image-preview":"max-image-preview:large","max-video-preview":"max-video-preview:-1"},"canonical":"https:\/\/www.royalcitytours.com\/es\/tours\/niagara-falls-walking-tour\/","og_locale":"es_ES","og_type":"article","og_title":"Niagara Falls Walking Tour | Royal City Tours","og_description":"High Line and Hudson Yards Walking tour will help you experience the elevated green oasis and the most current and most expensive development in NYC.","og_url":"https:\/\/www.royalcitytours.com\/es\/tours\/niagara-falls-walking-tour\/","og_site_name":"Royal City Tours","article_publisher":"https:\/\/www.facebook.com\/RoyalCityTours\/","article_modified_time":"2026-02-22T21:31:40+00:00","og_image":[{"width":2560,"height":1278,"url":"https:\/\/www.royalcitytours.com\/wp-content\/uploads\/2021\/02\/Niagara-Walking-New-1-scaled.jpg","type":"image\/jpeg"}],"twitter_card":"summary_large_image","twitter_site":"@royalcitytours","twitter_misc":{"Tiempo de lectura":"1 minuto"},"schema":{"@context":"https:\/\/schema.org","@graph":[{"@type":"WebPage","@id":"https:\/\/www.royalcitytours.com\/tours\/niagara-falls-walking-tour\/","url":"https:\/\/www.royalcitytours.com\/tours\/niagara-falls-walking-tour\/","name":"Niagara Falls Walking Tour | Royal City Tours","isPartOf":{"@id":"https:\/\/www.royalcitytours.com\/#website"},"primaryImageOfPage":{"@id":"https:\/\/www.royalcitytours.com\/tours\/niagara-falls-walking-tour\/#primaryimage"},"image":{"@id":"https:\/\/www.royalcitytours.com\/tours\/niagara-falls-walking-tour\/#primaryimage"},"thumbnailUrl":"https:\/\/www.royalcitytours.com\/wp-content\/uploads\/2021\/02\/Niagara-Walking-New-1-scaled.jpg","datePublished":"2021-02-26T15:13:53+00:00","dateModified":"2026-02-22T21:31:40+00:00","description":"High Line and Hudson Yards Walking tour will help you experience the elevated green oasis and the most current and most expensive development in NYC.","breadcrumb":{"@id":"https:\/\/www.royalcitytours.com\/tours\/niagara-falls-walking-tour\/#breadcrumb"},"inLanguage":"es","potentialAction":[{"@type":"ReadAction","target":["https:\/\/www.royalcitytours.com\/tours\/niagara-falls-walking-tour\/"]}]},{"@type":"ImageObject","inLanguage":"es","@id":"https:\/\/www.royalcitytours.com\/tours\/niagara-falls-walking-tour\/#primaryimage","url":"https:\/\/www.royalcitytours.com\/wp-content\/uploads\/2021\/02\/Niagara-Walking-New-1-scaled.jpg","contentUrl":"https:\/\/www.royalcitytours.com\/wp-content\/uploads\/2021\/02\/Niagara-Walking-New-1-scaled.jpg","width":2560,"height":1278},{"@type":"BreadcrumbList","@id":"https:\/\/www.royalcitytours.com\/tours\/niagara-falls-walking-tour\/#breadcrumb","itemListElement":[{"@type":"ListItem","position":1,"name":"Royal City Tours","item":"https:\/\/www.royalcitytours.com\/"},{"@type":"ListItem","position":2,"name":"Shop","item":"https:\/\/www.royalcitytours.com\/shop\/"},{"@type":"ListItem","position":3,"name":"Niagara Falls Walking Tour"}]},{"@type":"WebSite","@id":"https:\/\/www.royalcitytours.com\/#website","url":"https:\/\/www.royalcitytours.com\/","name":"Royal City Tours","description":"Offering a diamond experience with our premium tours","publisher":{"@id":"https:\/\/www.royalcitytours.com\/#organization"},"potentialAction":[{"@type":"SearchAction","target":{"@type":"EntryPoint","urlTemplate":"https:\/\/www.royalcitytours.com\/?s={search_term_string}"},"query-input":{"@type":"PropertyValueSpecification","valueRequired":true,"valueName":"search_term_string"}}],"inLanguage":"es"},{"@type":"Organization","@id":"https:\/\/www.royalcitytours.com\/#organization","name":"Royal City Tours","url":"https:\/\/www.royalcitytours.com\/","logo":{"@type":"ImageObject","inLanguage":"es","@id":"https:\/\/www.royalcitytours.com\/#\/schema\/logo\/image\/","url":"https:\/\/www.royalcitytours.com\/wp-content\/uploads\/2017\/07\/logo-avatar.jpg","contentUrl":"https:\/\/www.royalcitytours.com\/wp-content\/uploads\/2017\/07\/logo-avatar.jpg","width":200,"height":200,"caption":"Royal City Tours"},"image":{"@id":"https:\/\/www.royalcitytours.com\/#\/schema\/logo\/image\/"},"sameAs":["https:\/\/www.facebook.com\/RoyalCityTours\/","https:\/\/x.com\/royalcitytours","https:\/\/www.instagram.com\/royalcitytours\/"]}]}},"_links":{"self":[{"href":"https:\/\/www.royalcitytours.com\/es\/wp-json\/wp\/v2\/product\/5067","targetHints":{"allow":["GET"]}}],"collection":[{"href":"https:\/\/www.royalcitytours.com\/es\/wp-json\/wp\/v2\/product"}],"about":[{"href":"https:\/\/www.royalcitytours.com\/es\/wp-json\/wp\/v2\/types\/product"}],"replies":[{"embeddable":true,"href":"https:\/\/www.royalcitytours.com\/es\/wp-json\/wp\/v2\/comments?post=5067"}],"wp:featuredmedia":[{"embeddable":true,"href":"https:\/\/www.royalcitytours.com\/es\/wp-json\/wp\/v2\/media\/5074"}],"wp:attachment":[{"href":"https:\/\/www.royalcitytours.com\/es\/wp-json\/wp\/v2\/media?parent=5067"}],"wp:term":[{"taxonomy":"product_brand","embeddable":true,"href":"https:\/\/www.royalcitytours.com\/es\/wp-json\/wp\/v2\/product_brand?post=5067"},{"taxonomy":"product_cat","embeddable":true,"href":"https:\/\/www.royalcitytours.com\/es\/wp-json\/wp\/v2\/product_cat?post=5067"},{"taxonomy":"product_tag","embeddable":true,"href":"https:\/\/www.royalcitytours.com\/es\/wp-json\/wp\/v2\/product_tag?post=5067"}],"curies":[{"name":"wp","href":"https:\/\/api.w.org\/{rel}","templated":true}]}}