{"id":4891,"date":"2020-07-15T17:20:06","date_gmt":"2020-07-15T21:20:06","guid":{"rendered":"https:\/\/www.royalcitytours.com\/?post_type=product&#038;p=4891"},"modified":"2026-03-28T13:10:50","modified_gmt":"2026-03-28T17:10:50","slug":"new-york-city-of-contrasts","status":"publish","type":"product","link":"https:\/\/www.royalcitytours.com\/es\/tours\/new-york-city-of-contrasts\/","title":{"rendered":"Manhattan, Bronx, Queens &#038; Brooklyn- City of Contrasts"},"content":{"rendered":"<p>Descubre lo mejor de Nueva York en este recorrido guiado de medio d\u00eda que va m\u00e1s all\u00e1 de los impresionantes paisajes de Manhattan, mientras visitamos los monumentos m\u00e1s famosos del Bronx, Queens y Brooklyn. Sum\u00e9rgete en el estilo de vida local de estos distritos diversos y vibrantes, donde encontrar\u00e1s jazz, teatro, arte callejero, hermosos parques y dos de los estadios de b\u00e9isbol m\u00e1s ic\u00f3nicos de Estados Unidos. Los contrastes pintorescos representan la esencia de la vida en Nueva York, y hay algo para que todos disfruten en este inspirador recorrido por la Gran Manzana.<\/p>\n<p style=\"text-align: center;\"><iframe title=\"YouTube video player\" data-src=\"https:\/\/www.youtube.com\/embed\/Zj5tTxTn2Gc?controls=0\" width=\"300\" height=\"200\" frameborder=\"0\" allowfullscreen=\"allowfullscreen\" src=\"data:image\/gif;base64,R0lGODlhAQABAAAAACH5BAEKAAEALAAAAAABAAEAAAICTAEAOw==\" class=\"lazyload\" data-load-mode=\"1\"><\/iframe><\/p>","protected":false},"excerpt":{"rendered":"<p>Vive el vibrante latido de la Ciudad de Nueva York, desde sus ic\u00f3nicos rascacielos hasta barrios hist\u00f3ricos, culturas llenas de vida y vistas impresionantes del skyline \u2014 todo en un d\u00eda inolvidable que captura la verdadera esencia y los contrastes de la ciudad que nunca duerme.<\/p>","protected":false},"featured_media":5325,"comment_status":"open","ping_status":"closed","template":"","meta":{"_glsr_average":0,"_glsr_ranking":0,"_glsr_reviews":0},"product_brand":[],"product_cat":[67],"product_tag":[],"class_list":{"0":"post-4891","1":"product","2":"type-product","3":"status-publish","4":"has-post-thumbnail","6":"product_cat-uncategorized","7":"tour_category-daytours","8":"tour_category-deals-and-discounts","9":"tour_category-half-day","10":"tour_category-hop-on-hop-off","11":"tour_category-new-york-city","13":"first","14":"instock","15":"sale","16":"shipping-taxable","17":"purchasable","18":"product-type-tour"},"yoast_head":"<!-- This site is optimized with the Yoast SEO plugin v26.9 - https:\/\/yoast.com\/product\/yoast-seo-wordpress\/ -->\n<title>Manhattan, Bronx, Queens &amp; Brooklyn- City of Contrasts | Royal City Tours<\/title>\n<meta name=\"description\" content=\"Visit and discover outside of Manhattan to places that are hidden and unheard of with New York- City of Contrasts tour. Hop on\/off at different locations in Bronx, Queens &amp; Brooklyn.\" \/>\n<meta name=\"robots\" content=\"index, follow, max-snippet:-1, max-image-preview:large, max-video-preview:-1\" \/>\n<link rel=\"canonical\" href=\"https:\/\/www.royalcitytours.com\/es\/tours\/new-york-city-of-contrasts\/\" \/>\n<meta property=\"og:locale\" content=\"es_ES\" \/>\n<meta property=\"og:type\" content=\"article\" \/>\n<meta property=\"og:title\" content=\"Manhattan, Bronx, Queens &amp; Brooklyn- City of Contrasts | Royal City Tours\" \/>\n<meta property=\"og:description\" content=\"Visit and discover outside of Manhattan to places that are hidden and unheard of with New York- City of Contrasts tour. Hop on\/off at different locations in Bronx, Queens &amp; Brooklyn.\" \/>\n<meta property=\"og:url\" content=\"https:\/\/www.royalcitytours.com\/es\/tours\/new-york-city-of-contrasts\/\" \/>\n<meta property=\"og:site_name\" content=\"Royal City Tours\" \/>\n<meta property=\"article:publisher\" content=\"https:\/\/www.facebook.com\/RoyalCityTours\/\" \/>\n<meta property=\"article:modified_time\" content=\"2026-03-28T17:10:50+00:00\" \/>\n<meta property=\"og:image\" content=\"https:\/\/www.royalcitytours.com\/wp-content\/uploads\/2020\/07\/136.jpg\" \/>\n\t<meta property=\"og:image:width\" content=\"2519\" \/>\n\t<meta property=\"og:image:height\" content=\"1680\" \/>\n\t<meta property=\"og:image:type\" content=\"image\/jpeg\" \/>\n<meta name=\"twitter:card\" content=\"summary_large_image\" \/>\n<meta name=\"twitter:site\" content=\"@royalcitytours\" \/>\n<meta name=\"twitter:label1\" content=\"Tiempo de lectura\" \/>\n\t<meta name=\"twitter:data1\" content=\"1 minuto\" \/>\n<script type=\"application\/ld+json\" class=\"yoast-schema-graph\">{\"@context\":\"https:\/\/schema.org\",\"@graph\":[{\"@type\":\"WebPage\",\"@id\":\"https:\/\/www.royalcitytours.com\/tours\/new-york-city-of-contrasts\/\",\"url\":\"https:\/\/www.royalcitytours.com\/tours\/new-york-city-of-contrasts\/\",\"name\":\"Manhattan, Bronx, Queens & Brooklyn- City of Contrasts | Royal City Tours\",\"isPartOf\":{\"@id\":\"https:\/\/www.royalcitytours.com\/#website\"},\"primaryImageOfPage\":{\"@id\":\"https:\/\/www.royalcitytours.com\/tours\/new-york-city-of-contrasts\/#primaryimage\"},\"image\":{\"@id\":\"https:\/\/www.royalcitytours.com\/tours\/new-york-city-of-contrasts\/#primaryimage\"},\"thumbnailUrl\":\"https:\/\/www.royalcitytours.com\/wp-content\/uploads\/2020\/07\/136.jpg\",\"datePublished\":\"2020-07-15T21:20:06+00:00\",\"dateModified\":\"2026-03-28T17:10:50+00:00\",\"description\":\"Visit and discover outside of Manhattan to places that are hidden and unheard of with New York- City of Contrasts tour. Hop on\/off at different locations in Bronx, Queens & Brooklyn.\",\"breadcrumb\":{\"@id\":\"https:\/\/www.royalcitytours.com\/tours\/new-york-city-of-contrasts\/#breadcrumb\"},\"inLanguage\":\"es\",\"potentialAction\":[{\"@type\":\"ReadAction\",\"target\":[\"https:\/\/www.royalcitytours.com\/tours\/new-york-city-of-contrasts\/\"]}]},{\"@type\":\"ImageObject\",\"inLanguage\":\"es\",\"@id\":\"https:\/\/www.royalcitytours.com\/tours\/new-york-city-of-contrasts\/#primaryimage\",\"url\":\"https:\/\/www.royalcitytours.com\/wp-content\/uploads\/2020\/07\/136.jpg\",\"contentUrl\":\"https:\/\/www.royalcitytours.com\/wp-content\/uploads\/2020\/07\/136.jpg\",\"width\":2519,\"height\":1680},{\"@type\":\"BreadcrumbList\",\"@id\":\"https:\/\/www.royalcitytours.com\/tours\/new-york-city-of-contrasts\/#breadcrumb\",\"itemListElement\":[{\"@type\":\"ListItem\",\"position\":1,\"name\":\"Royal City Tours\",\"item\":\"https:\/\/www.royalcitytours.com\/\"},{\"@type\":\"ListItem\",\"position\":2,\"name\":\"Shop\",\"item\":\"https:\/\/www.royalcitytours.com\/shop\/\"},{\"@type\":\"ListItem\",\"position\":3,\"name\":\"Manhattan, Bronx, Queens &#038; Brooklyn- City of Contrasts\"}]},{\"@type\":\"WebSite\",\"@id\":\"https:\/\/www.royalcitytours.com\/#website\",\"url\":\"https:\/\/www.royalcitytours.com\/\",\"name\":\"Royal City Tours\",\"description\":\"Offering a diamond experience with our premium tours\",\"publisher\":{\"@id\":\"https:\/\/www.royalcitytours.com\/#organization\"},\"potentialAction\":[{\"@type\":\"SearchAction\",\"target\":{\"@type\":\"EntryPoint\",\"urlTemplate\":\"https:\/\/www.royalcitytours.com\/?s={search_term_string}\"},\"query-input\":{\"@type\":\"PropertyValueSpecification\",\"valueRequired\":true,\"valueName\":\"search_term_string\"}}],\"inLanguage\":\"es\"},{\"@type\":\"Organization\",\"@id\":\"https:\/\/www.royalcitytours.com\/#organization\",\"name\":\"Royal City Tours\",\"url\":\"https:\/\/www.royalcitytours.com\/\",\"logo\":{\"@type\":\"ImageObject\",\"inLanguage\":\"es\",\"@id\":\"https:\/\/www.royalcitytours.com\/#\/schema\/logo\/image\/\",\"url\":\"https:\/\/www.royalcitytours.com\/wp-content\/uploads\/2017\/07\/logo-avatar.jpg\",\"contentUrl\":\"https:\/\/www.royalcitytours.com\/wp-content\/uploads\/2017\/07\/logo-avatar.jpg\",\"width\":200,\"height\":200,\"caption\":\"Royal City Tours\"},\"image\":{\"@id\":\"https:\/\/www.royalcitytours.com\/#\/schema\/logo\/image\/\"},\"sameAs\":[\"https:\/\/www.facebook.com\/RoyalCityTours\/\",\"https:\/\/x.com\/royalcitytours\",\"https:\/\/www.instagram.com\/royalcitytours\/\"]}]}<\/script>\n<!-- \/ Yoast SEO plugin. -->","yoast_head_json":{"title":"Manhattan, Bronx, Queens & Brooklyn- City of Contrasts | Royal City Tours","description":"Visit and discover outside of Manhattan to places that are hidden and unheard of with New York- City of Contrasts tour. Hop on\/off at different locations in Bronx, Queens & Brooklyn.","robots":{"index":"index","follow":"follow","max-snippet":"max-snippet:-1","max-image-preview":"max-image-preview:large","max-video-preview":"max-video-preview:-1"},"canonical":"https:\/\/www.royalcitytours.com\/es\/tours\/new-york-city-of-contrasts\/","og_locale":"es_ES","og_type":"article","og_title":"Manhattan, Bronx, Queens & Brooklyn- City of Contrasts | Royal City Tours","og_description":"Visit and discover outside of Manhattan to places that are hidden and unheard of with New York- City of Contrasts tour. Hop on\/off at different locations in Bronx, Queens & Brooklyn.","og_url":"https:\/\/www.royalcitytours.com\/es\/tours\/new-york-city-of-contrasts\/","og_site_name":"Royal City Tours","article_publisher":"https:\/\/www.facebook.com\/RoyalCityTours\/","article_modified_time":"2026-03-28T17:10:50+00:00","og_image":[{"width":2519,"height":1680,"url":"https:\/\/www.royalcitytours.com\/wp-content\/uploads\/2020\/07\/136.jpg","type":"image\/jpeg"}],"twitter_card":"summary_large_image","twitter_site":"@royalcitytours","twitter_misc":{"Tiempo de lectura":"1 minuto"},"schema":{"@context":"https:\/\/schema.org","@graph":[{"@type":"WebPage","@id":"https:\/\/www.royalcitytours.com\/tours\/new-york-city-of-contrasts\/","url":"https:\/\/www.royalcitytours.com\/tours\/new-york-city-of-contrasts\/","name":"Manhattan, Bronx, Queens & Brooklyn- City of Contrasts | Royal City Tours","isPartOf":{"@id":"https:\/\/www.royalcitytours.com\/#website"},"primaryImageOfPage":{"@id":"https:\/\/www.royalcitytours.com\/tours\/new-york-city-of-contrasts\/#primaryimage"},"image":{"@id":"https:\/\/www.royalcitytours.com\/tours\/new-york-city-of-contrasts\/#primaryimage"},"thumbnailUrl":"https:\/\/www.royalcitytours.com\/wp-content\/uploads\/2020\/07\/136.jpg","datePublished":"2020-07-15T21:20:06+00:00","dateModified":"2026-03-28T17:10:50+00:00","description":"Visit and discover outside of Manhattan to places that are hidden and unheard of with New York- City of Contrasts tour. Hop on\/off at different locations in Bronx, Queens & Brooklyn.","breadcrumb":{"@id":"https:\/\/www.royalcitytours.com\/tours\/new-york-city-of-contrasts\/#breadcrumb"},"inLanguage":"es","potentialAction":[{"@type":"ReadAction","target":["https:\/\/www.royalcitytours.com\/tours\/new-york-city-of-contrasts\/"]}]},{"@type":"ImageObject","inLanguage":"es","@id":"https:\/\/www.royalcitytours.com\/tours\/new-york-city-of-contrasts\/#primaryimage","url":"https:\/\/www.royalcitytours.com\/wp-content\/uploads\/2020\/07\/136.jpg","contentUrl":"https:\/\/www.royalcitytours.com\/wp-content\/uploads\/2020\/07\/136.jpg","width":2519,"height":1680},{"@type":"BreadcrumbList","@id":"https:\/\/www.royalcitytours.com\/tours\/new-york-city-of-contrasts\/#breadcrumb","itemListElement":[{"@type":"ListItem","position":1,"name":"Royal City Tours","item":"https:\/\/www.royalcitytours.com\/"},{"@type":"ListItem","position":2,"name":"Shop","item":"https:\/\/www.royalcitytours.com\/shop\/"},{"@type":"ListItem","position":3,"name":"Manhattan, Bronx, Queens &#038; Brooklyn- City of Contrasts"}]},{"@type":"WebSite","@id":"https:\/\/www.royalcitytours.com\/#website","url":"https:\/\/www.royalcitytours.com\/","name":"Royal City Tours","description":"Offering a diamond experience with our premium tours","publisher":{"@id":"https:\/\/www.royalcitytours.com\/#organization"},"potentialAction":[{"@type":"SearchAction","target":{"@type":"EntryPoint","urlTemplate":"https:\/\/www.royalcitytours.com\/?s={search_term_string}"},"query-input":{"@type":"PropertyValueSpecification","valueRequired":true,"valueName":"search_term_string"}}],"inLanguage":"es"},{"@type":"Organization","@id":"https:\/\/www.royalcitytours.com\/#organization","name":"Royal City Tours","url":"https:\/\/www.royalcitytours.com\/","logo":{"@type":"ImageObject","inLanguage":"es","@id":"https:\/\/www.royalcitytours.com\/#\/schema\/logo\/image\/","url":"https:\/\/www.royalcitytours.com\/wp-content\/uploads\/2017\/07\/logo-avatar.jpg","contentUrl":"https:\/\/www.royalcitytours.com\/wp-content\/uploads\/2017\/07\/logo-avatar.jpg","width":200,"height":200,"caption":"Royal City Tours"},"image":{"@id":"https:\/\/www.royalcitytours.com\/#\/schema\/logo\/image\/"},"sameAs":["https:\/\/www.facebook.com\/RoyalCityTours\/","https:\/\/x.com\/royalcitytours","https:\/\/www.instagram.com\/royalcitytours\/"]}]}},"_links":{"self":[{"href":"https:\/\/www.royalcitytours.com\/es\/wp-json\/wp\/v2\/product\/4891","targetHints":{"allow":["GET"]}}],"collection":[{"href":"https:\/\/www.royalcitytours.com\/es\/wp-json\/wp\/v2\/product"}],"about":[{"href":"https:\/\/www.royalcitytours.com\/es\/wp-json\/wp\/v2\/types\/product"}],"replies":[{"embeddable":true,"href":"https:\/\/www.royalcitytours.com\/es\/wp-json\/wp\/v2\/comments?post=4891"}],"wp:featuredmedia":[{"embeddable":true,"href":"https:\/\/www.royalcitytours.com\/es\/wp-json\/wp\/v2\/media\/5325"}],"wp:attachment":[{"href":"https:\/\/www.royalcitytours.com\/es\/wp-json\/wp\/v2\/media?parent=4891"}],"wp:term":[{"taxonomy":"product_brand","embeddable":true,"href":"https:\/\/www.royalcitytours.com\/es\/wp-json\/wp\/v2\/product_brand?post=4891"},{"taxonomy":"product_cat","embeddable":true,"href":"https:\/\/www.royalcitytours.com\/es\/wp-json\/wp\/v2\/product_cat?post=4891"},{"taxonomy":"product_tag","embeddable":true,"href":"https:\/\/www.royalcitytours.com\/es\/wp-json\/wp\/v2\/product_tag?post=4891"}],"curies":[{"name":"wp","href":"https:\/\/api.w.org\/{rel}","templated":true}]}}