{"id":4854,"date":"2020-07-15T13:59:29","date_gmt":"2020-07-15T17:59:29","guid":{"rendered":"https:\/\/www.royalcitytours.com\/?post_type=product&#038;p=4854"},"modified":"2026-02-21T18:05:54","modified_gmt":"2026-02-21T23:05:54","slug":"brooklyn-dyker-heights-christmas-tour","status":"publish","type":"product","link":"https:\/\/www.royalcitytours.com\/es\/tours\/brooklyn-dyker-heights-christmas-tour\/","title":{"rendered":"Navidad en Dyker Heights, Brooklyn"},"content":{"rendered":"<p>Buscas algo que hacer en la ciudad de Nueva York durante esta temporada navide\u00f1a? \u00a1aseg\u00farese de incluir esto en su lista! Es alegre, es brillante, es Navidad, es Nueva York, \u00a1es imprescindible de visitar en la epoca navide\u00f1a!<\/p>\n<p>La gente viene de todas partes del mundo solo para vivir la magia de Nueva York durante la temporada navide\u00f1a.\nTe llevaremos a descubrir uno de los secretos mejor guardados de NYC, donde experimentar\u00e1s un encantador para\u00edso navide\u00f1o lleno de deslumbrantes luces de Navidad y espectaculares decoraciones festivas.\nAcomp\u00e1\u00f1anos en el viaje navide\u00f1o definitivo a Dyker Heights, en Brooklyn.<\/p>\n<p style=\"text-align: center;\"><iframe title=\"YouTube video player\" data-src=\"https:\/\/www.youtube.com\/embed\/mlRDQQoV0UY?controls=0\" width=\"300\" height=\"200\" frameborder=\"0\" allowfullscreen=\"allowfullscreen\" src=\"data:image\/gif;base64,R0lGODlhAQABAAAAACH5BAEKAAEALAAAAAABAAEAAAICTAEAOw==\" class=\"lazyload\" data-load-mode=\"1\"><\/iframe><\/p>","protected":false},"excerpt":{"rendered":"<p>Visita las famosas luces navide\u00f1as de Dyker Heights en Brooklyn y vive una de las tradiciones m\u00e1s deslumbrantes de Nueva York, donde casas extravagantes brillan con incre\u00edbles decoraciones, exhibiciones animadas y una energ\u00eda festiva que no encontrar\u00e1s en ning\u00fan otro lugar.<\/p>","protected":false},"featured_media":4856,"comment_status":"open","ping_status":"closed","template":"","meta":{"_glsr_average":0,"_glsr_ranking":0,"_glsr_reviews":0},"product_brand":[],"product_cat":[67],"product_tag":[],"class_list":{"0":"post-4854","1":"product","2":"type-product","3":"status-publish","4":"has-post-thumbnail","6":"product_cat-uncategorized","7":"tour_category-deals-and-discounts","8":"tour_category-half-day","9":"tour_category-hop-on-hop-off","10":"tour_category-new-york-city","11":"tour_category-night-tours","12":"tour_category-seasonal","14":"first","15":"instock","16":"sale","17":"shipping-taxable","18":"purchasable","19":"product-type-tour"},"yoast_head":"<!-- This site is optimized with the Yoast SEO plugin v26.9 - https:\/\/yoast.com\/product\/yoast-seo-wordpress\/ -->\n<title>Brooklyn Dyker Heights \u2013 Christmas Tour | Royal City Tours<\/title>\n<meta name=\"description\" content=\"If you&#039;re looking for something to do in New York City during this holiday season make sure you put this on your list! It&#039;s cheery, it&#039;s bright, it\u2019s Christmas, it&#039;s NYC, it is everything Christmas about Christmas!\" \/>\n<meta name=\"robots\" content=\"index, follow, max-snippet:-1, max-image-preview:large, max-video-preview:-1\" \/>\n<link rel=\"canonical\" href=\"https:\/\/www.royalcitytours.com\/es\/tours\/brooklyn-dyker-heights-christmas-tour\/\" \/>\n<meta property=\"og:locale\" content=\"es_ES\" \/>\n<meta property=\"og:type\" content=\"article\" \/>\n<meta property=\"og:title\" content=\"Brooklyn Dyker Heights \u2013 Christmas Tour | Royal City Tours\" \/>\n<meta property=\"og:description\" content=\"If you&#039;re looking for something to do in New York City during this holiday season make sure you put this on your list! It&#039;s cheery, it&#039;s bright, it\u2019s Christmas, it&#039;s NYC, it is everything Christmas about Christmas!\" \/>\n<meta property=\"og:url\" content=\"https:\/\/www.royalcitytours.com\/es\/tours\/brooklyn-dyker-heights-christmas-tour\/\" \/>\n<meta property=\"og:site_name\" content=\"Royal City Tours\" \/>\n<meta property=\"article:publisher\" content=\"https:\/\/www.facebook.com\/RoyalCityTours\/\" \/>\n<meta property=\"article:modified_time\" content=\"2026-02-21T23:05:54+00:00\" \/>\n<meta property=\"og:image\" content=\"https:\/\/www.royalcitytours.com\/wp-content\/uploads\/2020\/07\/Dyker-Heights-Christmas-New-York-City-NY-01.jpg\" \/>\n\t<meta property=\"og:image:width\" content=\"1200\" \/>\n\t<meta property=\"og:image:height\" content=\"900\" \/>\n\t<meta property=\"og:image:type\" content=\"image\/jpeg\" \/>\n<meta name=\"twitter:card\" content=\"summary_large_image\" \/>\n<meta name=\"twitter:site\" content=\"@royalcitytours\" \/>\n<meta name=\"twitter:label1\" content=\"Tiempo de lectura\" \/>\n\t<meta name=\"twitter:data1\" content=\"1 minuto\" \/>\n<script type=\"application\/ld+json\" class=\"yoast-schema-graph\">{\"@context\":\"https:\/\/schema.org\",\"@graph\":[{\"@type\":\"WebPage\",\"@id\":\"https:\/\/www.royalcitytours.com\/tours\/brooklyn-dyker-heights-christmas-tour\/\",\"url\":\"https:\/\/www.royalcitytours.com\/tours\/brooklyn-dyker-heights-christmas-tour\/\",\"name\":\"Brooklyn Dyker Heights \u2013 Christmas Tour | Royal City Tours\",\"isPartOf\":{\"@id\":\"https:\/\/www.royalcitytours.com\/#website\"},\"primaryImageOfPage\":{\"@id\":\"https:\/\/www.royalcitytours.com\/tours\/brooklyn-dyker-heights-christmas-tour\/#primaryimage\"},\"image\":{\"@id\":\"https:\/\/www.royalcitytours.com\/tours\/brooklyn-dyker-heights-christmas-tour\/#primaryimage\"},\"thumbnailUrl\":\"https:\/\/www.royalcitytours.com\/wp-content\/uploads\/2020\/07\/Dyker-Heights-Christmas-New-York-City-NY-01.jpg\",\"datePublished\":\"2020-07-15T17:59:29+00:00\",\"dateModified\":\"2026-02-21T23:05:54+00:00\",\"description\":\"If you're looking for something to do in New York City during this holiday season make sure you put this on your list! It's cheery, it's bright, it\u2019s Christmas, it's NYC, it is everything Christmas about Christmas!\",\"breadcrumb\":{\"@id\":\"https:\/\/www.royalcitytours.com\/tours\/brooklyn-dyker-heights-christmas-tour\/#breadcrumb\"},\"inLanguage\":\"es\",\"potentialAction\":[{\"@type\":\"ReadAction\",\"target\":[\"https:\/\/www.royalcitytours.com\/tours\/brooklyn-dyker-heights-christmas-tour\/\"]}]},{\"@type\":\"ImageObject\",\"inLanguage\":\"es\",\"@id\":\"https:\/\/www.royalcitytours.com\/tours\/brooklyn-dyker-heights-christmas-tour\/#primaryimage\",\"url\":\"https:\/\/www.royalcitytours.com\/wp-content\/uploads\/2020\/07\/Dyker-Heights-Christmas-New-York-City-NY-01.jpg\",\"contentUrl\":\"https:\/\/www.royalcitytours.com\/wp-content\/uploads\/2020\/07\/Dyker-Heights-Christmas-New-York-City-NY-01.jpg\",\"width\":1200,\"height\":900,\"caption\":\"Brooklyn Dyker Heights, Christmas Tour, New York City NY\"},{\"@type\":\"BreadcrumbList\",\"@id\":\"https:\/\/www.royalcitytours.com\/tours\/brooklyn-dyker-heights-christmas-tour\/#breadcrumb\",\"itemListElement\":[{\"@type\":\"ListItem\",\"position\":1,\"name\":\"Royal City Tours\",\"item\":\"https:\/\/www.royalcitytours.com\/\"},{\"@type\":\"ListItem\",\"position\":2,\"name\":\"Shop\",\"item\":\"https:\/\/www.royalcitytours.com\/shop\/\"},{\"@type\":\"ListItem\",\"position\":3,\"name\":\"Brooklyn Dyker Heights \u2013 Christmas Tour\"}]},{\"@type\":\"WebSite\",\"@id\":\"https:\/\/www.royalcitytours.com\/#website\",\"url\":\"https:\/\/www.royalcitytours.com\/\",\"name\":\"Royal City Tours\",\"description\":\"Offering a diamond experience with our premium tours\",\"publisher\":{\"@id\":\"https:\/\/www.royalcitytours.com\/#organization\"},\"potentialAction\":[{\"@type\":\"SearchAction\",\"target\":{\"@type\":\"EntryPoint\",\"urlTemplate\":\"https:\/\/www.royalcitytours.com\/?s={search_term_string}\"},\"query-input\":{\"@type\":\"PropertyValueSpecification\",\"valueRequired\":true,\"valueName\":\"search_term_string\"}}],\"inLanguage\":\"es\"},{\"@type\":\"Organization\",\"@id\":\"https:\/\/www.royalcitytours.com\/#organization\",\"name\":\"Royal City Tours\",\"url\":\"https:\/\/www.royalcitytours.com\/\",\"logo\":{\"@type\":\"ImageObject\",\"inLanguage\":\"es\",\"@id\":\"https:\/\/www.royalcitytours.com\/#\/schema\/logo\/image\/\",\"url\":\"https:\/\/www.royalcitytours.com\/wp-content\/uploads\/2017\/07\/logo-avatar.jpg\",\"contentUrl\":\"https:\/\/www.royalcitytours.com\/wp-content\/uploads\/2017\/07\/logo-avatar.jpg\",\"width\":200,\"height\":200,\"caption\":\"Royal City Tours\"},\"image\":{\"@id\":\"https:\/\/www.royalcitytours.com\/#\/schema\/logo\/image\/\"},\"sameAs\":[\"https:\/\/www.facebook.com\/RoyalCityTours\/\",\"https:\/\/x.com\/royalcitytours\",\"https:\/\/www.instagram.com\/royalcitytours\/\"]}]}<\/script>\n<!-- \/ Yoast SEO plugin. -->","yoast_head_json":{"title":"Brooklyn Dyker Heights \u2013 Christmas Tour | Royal City Tours","description":"If you're looking for something to do in New York City during this holiday season make sure you put this on your list! It's cheery, it's bright, it\u2019s Christmas, it's NYC, it is everything Christmas about Christmas!","robots":{"index":"index","follow":"follow","max-snippet":"max-snippet:-1","max-image-preview":"max-image-preview:large","max-video-preview":"max-video-preview:-1"},"canonical":"https:\/\/www.royalcitytours.com\/es\/tours\/brooklyn-dyker-heights-christmas-tour\/","og_locale":"es_ES","og_type":"article","og_title":"Brooklyn Dyker Heights \u2013 Christmas Tour | Royal City Tours","og_description":"If you're looking for something to do in New York City during this holiday season make sure you put this on your list! It's cheery, it's bright, it\u2019s Christmas, it's NYC, it is everything Christmas about Christmas!","og_url":"https:\/\/www.royalcitytours.com\/es\/tours\/brooklyn-dyker-heights-christmas-tour\/","og_site_name":"Royal City Tours","article_publisher":"https:\/\/www.facebook.com\/RoyalCityTours\/","article_modified_time":"2026-02-21T23:05:54+00:00","og_image":[{"width":1200,"height":900,"url":"https:\/\/www.royalcitytours.com\/wp-content\/uploads\/2020\/07\/Dyker-Heights-Christmas-New-York-City-NY-01.jpg","type":"image\/jpeg"}],"twitter_card":"summary_large_image","twitter_site":"@royalcitytours","twitter_misc":{"Tiempo de lectura":"1 minuto"},"schema":{"@context":"https:\/\/schema.org","@graph":[{"@type":"WebPage","@id":"https:\/\/www.royalcitytours.com\/tours\/brooklyn-dyker-heights-christmas-tour\/","url":"https:\/\/www.royalcitytours.com\/tours\/brooklyn-dyker-heights-christmas-tour\/","name":"Brooklyn Dyker Heights \u2013 Christmas Tour | Royal City Tours","isPartOf":{"@id":"https:\/\/www.royalcitytours.com\/#website"},"primaryImageOfPage":{"@id":"https:\/\/www.royalcitytours.com\/tours\/brooklyn-dyker-heights-christmas-tour\/#primaryimage"},"image":{"@id":"https:\/\/www.royalcitytours.com\/tours\/brooklyn-dyker-heights-christmas-tour\/#primaryimage"},"thumbnailUrl":"https:\/\/www.royalcitytours.com\/wp-content\/uploads\/2020\/07\/Dyker-Heights-Christmas-New-York-City-NY-01.jpg","datePublished":"2020-07-15T17:59:29+00:00","dateModified":"2026-02-21T23:05:54+00:00","description":"If you're looking for something to do in New York City during this holiday season make sure you put this on your list! It's cheery, it's bright, it\u2019s Christmas, it's NYC, it is everything Christmas about Christmas!","breadcrumb":{"@id":"https:\/\/www.royalcitytours.com\/tours\/brooklyn-dyker-heights-christmas-tour\/#breadcrumb"},"inLanguage":"es","potentialAction":[{"@type":"ReadAction","target":["https:\/\/www.royalcitytours.com\/tours\/brooklyn-dyker-heights-christmas-tour\/"]}]},{"@type":"ImageObject","inLanguage":"es","@id":"https:\/\/www.royalcitytours.com\/tours\/brooklyn-dyker-heights-christmas-tour\/#primaryimage","url":"https:\/\/www.royalcitytours.com\/wp-content\/uploads\/2020\/07\/Dyker-Heights-Christmas-New-York-City-NY-01.jpg","contentUrl":"https:\/\/www.royalcitytours.com\/wp-content\/uploads\/2020\/07\/Dyker-Heights-Christmas-New-York-City-NY-01.jpg","width":1200,"height":900,"caption":"Brooklyn Dyker Heights, Christmas Tour, New York City NY"},{"@type":"BreadcrumbList","@id":"https:\/\/www.royalcitytours.com\/tours\/brooklyn-dyker-heights-christmas-tour\/#breadcrumb","itemListElement":[{"@type":"ListItem","position":1,"name":"Royal City Tours","item":"https:\/\/www.royalcitytours.com\/"},{"@type":"ListItem","position":2,"name":"Shop","item":"https:\/\/www.royalcitytours.com\/shop\/"},{"@type":"ListItem","position":3,"name":"Brooklyn Dyker Heights \u2013 Christmas Tour"}]},{"@type":"WebSite","@id":"https:\/\/www.royalcitytours.com\/#website","url":"https:\/\/www.royalcitytours.com\/","name":"Royal City Tours","description":"Offering a diamond experience with our premium tours","publisher":{"@id":"https:\/\/www.royalcitytours.com\/#organization"},"potentialAction":[{"@type":"SearchAction","target":{"@type":"EntryPoint","urlTemplate":"https:\/\/www.royalcitytours.com\/?s={search_term_string}"},"query-input":{"@type":"PropertyValueSpecification","valueRequired":true,"valueName":"search_term_string"}}],"inLanguage":"es"},{"@type":"Organization","@id":"https:\/\/www.royalcitytours.com\/#organization","name":"Royal City Tours","url":"https:\/\/www.royalcitytours.com\/","logo":{"@type":"ImageObject","inLanguage":"es","@id":"https:\/\/www.royalcitytours.com\/#\/schema\/logo\/image\/","url":"https:\/\/www.royalcitytours.com\/wp-content\/uploads\/2017\/07\/logo-avatar.jpg","contentUrl":"https:\/\/www.royalcitytours.com\/wp-content\/uploads\/2017\/07\/logo-avatar.jpg","width":200,"height":200,"caption":"Royal City Tours"},"image":{"@id":"https:\/\/www.royalcitytours.com\/#\/schema\/logo\/image\/"},"sameAs":["https:\/\/www.facebook.com\/RoyalCityTours\/","https:\/\/x.com\/royalcitytours","https:\/\/www.instagram.com\/royalcitytours\/"]}]}},"_links":{"self":[{"href":"https:\/\/www.royalcitytours.com\/es\/wp-json\/wp\/v2\/product\/4854","targetHints":{"allow":["GET"]}}],"collection":[{"href":"https:\/\/www.royalcitytours.com\/es\/wp-json\/wp\/v2\/product"}],"about":[{"href":"https:\/\/www.royalcitytours.com\/es\/wp-json\/wp\/v2\/types\/product"}],"replies":[{"embeddable":true,"href":"https:\/\/www.royalcitytours.com\/es\/wp-json\/wp\/v2\/comments?post=4854"}],"wp:featuredmedia":[{"embeddable":true,"href":"https:\/\/www.royalcitytours.com\/es\/wp-json\/wp\/v2\/media\/4856"}],"wp:attachment":[{"href":"https:\/\/www.royalcitytours.com\/es\/wp-json\/wp\/v2\/media?parent=4854"}],"wp:term":[{"taxonomy":"product_brand","embeddable":true,"href":"https:\/\/www.royalcitytours.com\/es\/wp-json\/wp\/v2\/product_brand?post=4854"},{"taxonomy":"product_cat","embeddable":true,"href":"https:\/\/www.royalcitytours.com\/es\/wp-json\/wp\/v2\/product_cat?post=4854"},{"taxonomy":"product_tag","embeddable":true,"href":"https:\/\/www.royalcitytours.com\/es\/wp-json\/wp\/v2\/product_tag?post=4854"}],"curies":[{"name":"wp","href":"https:\/\/api.w.org\/{rel}","templated":true}]}}