{"id":4801,"date":"2020-07-15T01:15:30","date_gmt":"2020-07-15T05:15:30","guid":{"rendered":"https:\/\/www.royalcitytours.com\/?post_type=product&#038;p=4801"},"modified":"2026-02-22T13:21:52","modified_gmt":"2026-02-22T18:21:52","slug":"skyline-day-tour-of-nyc","status":"publish","type":"product","link":"https:\/\/www.royalcitytours.com\/es\/tours\/skyline-day-tour-of-nyc\/","title":{"rendered":"Panorama Urbano de Nueva York de Dia"},"content":{"rendered":"<p>Recorrido terrestre ofrece vistas panor\u00e1micas del horizonte de la ciudad de Nueva York por la noche que le dejar\u00e1n deslumbrado. Este recorrido abordo de vehiculo tur\u00edstico lo lleva  a los mejores punto de acceso a las mejores photografias de la ciudad. A lo largo de la\nnoche, tome fotograf\u00edas impresionantes de uno de los horizontes m\u00e1s majestuosos\ndel mundo, salpicado de las luces parpadeantes de monumentos famosos y\nrascacielos ic\u00f3nicos. \u00a1No se necesitan filtros!<\/p>","protected":false},"excerpt":{"rendered":"<p>Contempla la Ciudad de Nueva York a plena luz del d\u00eda mientras su legendario skyline, imponentes rascacielos y monumentos ic\u00f3nicos se alzan a tu alrededor \u2014 una experiencia electrizante que captura la magnitud, la energ\u00eda y la emoci\u00f3n \u00fanica en la vida de la ciudad m\u00e1s famosa del mundo.<\/p>","protected":false},"featured_media":4803,"comment_status":"open","ping_status":"closed","template":"","meta":{"_glsr_average":0,"_glsr_ranking":0,"_glsr_reviews":0},"product_brand":[],"product_cat":[67],"product_tag":[],"class_list":{"0":"post-4801","1":"product","2":"type-product","3":"status-publish","4":"has-post-thumbnail","6":"product_cat-uncategorized","7":"tour_category-daytours","8":"tour_category-deals-and-discounts","9":"tour_category-half-day","10":"tour_category-hop-on-hop-off","11":"tour_category-new-york-city","13":"first","14":"instock","15":"sale","16":"shipping-taxable","17":"purchasable","18":"product-type-tour"},"yoast_head":"<!-- This site is optimized with the Yoast SEO plugin v26.9 - https:\/\/yoast.com\/product\/yoast-seo-wordpress\/ -->\n<title>Skyline Day Tour of NYC | Royal City Tours<\/title>\n<meta name=\"description\" content=\"Join us for a morning of Spectacular skyline panoramic views of legendary New York City!\" \/>\n<meta name=\"robots\" content=\"index, follow, max-snippet:-1, max-image-preview:large, max-video-preview:-1\" \/>\n<link rel=\"canonical\" href=\"https:\/\/www.royalcitytours.com\/es\/tours\/skyline-day-tour-of-nyc\/\" \/>\n<meta property=\"og:locale\" content=\"es_ES\" \/>\n<meta property=\"og:type\" content=\"article\" \/>\n<meta property=\"og:title\" content=\"Skyline Day Tour of NYC | Royal City Tours\" \/>\n<meta property=\"og:description\" content=\"Join us for a morning of Spectacular skyline panoramic views of legendary New York City!\" \/>\n<meta property=\"og:url\" content=\"https:\/\/www.royalcitytours.com\/es\/tours\/skyline-day-tour-of-nyc\/\" \/>\n<meta property=\"og:site_name\" content=\"Royal City Tours\" \/>\n<meta property=\"article:publisher\" content=\"https:\/\/www.facebook.com\/RoyalCityTours\/\" \/>\n<meta property=\"article:modified_time\" content=\"2026-02-22T18:21:52+00:00\" \/>\n<meta property=\"og:image\" content=\"https:\/\/www.royalcitytours.com\/wp-content\/uploads\/2020\/07\/Day-Skyline-Panorama-Manhattan-New-York-City-NY-05.jpg\" \/>\n\t<meta property=\"og:image:width\" content=\"1200\" \/>\n\t<meta property=\"og:image:height\" content=\"800\" \/>\n\t<meta property=\"og:image:type\" content=\"image\/jpeg\" \/>\n<meta name=\"twitter:card\" content=\"summary_large_image\" \/>\n<meta name=\"twitter:site\" content=\"@royalcitytours\" \/>\n<meta name=\"twitter:label1\" content=\"Tiempo de lectura\" \/>\n\t<meta name=\"twitter:data1\" content=\"1 minuto\" \/>\n<script type=\"application\/ld+json\" class=\"yoast-schema-graph\">{\"@context\":\"https:\/\/schema.org\",\"@graph\":[{\"@type\":\"WebPage\",\"@id\":\"https:\/\/www.royalcitytours.com\/tours\/skyline-day-tour-of-nyc\/\",\"url\":\"https:\/\/www.royalcitytours.com\/tours\/skyline-day-tour-of-nyc\/\",\"name\":\"Skyline Day Tour of NYC | Royal City Tours\",\"isPartOf\":{\"@id\":\"https:\/\/www.royalcitytours.com\/#website\"},\"primaryImageOfPage\":{\"@id\":\"https:\/\/www.royalcitytours.com\/tours\/skyline-day-tour-of-nyc\/#primaryimage\"},\"image\":{\"@id\":\"https:\/\/www.royalcitytours.com\/tours\/skyline-day-tour-of-nyc\/#primaryimage\"},\"thumbnailUrl\":\"https:\/\/www.royalcitytours.com\/wp-content\/uploads\/2020\/07\/Day-Skyline-Panorama-Manhattan-New-York-City-NY-05.jpg\",\"datePublished\":\"2020-07-15T05:15:30+00:00\",\"dateModified\":\"2026-02-22T18:21:52+00:00\",\"description\":\"Join us for a morning of Spectacular skyline panoramic views of legendary New York City!\",\"breadcrumb\":{\"@id\":\"https:\/\/www.royalcitytours.com\/tours\/skyline-day-tour-of-nyc\/#breadcrumb\"},\"inLanguage\":\"es\",\"potentialAction\":[{\"@type\":\"ReadAction\",\"target\":[\"https:\/\/www.royalcitytours.com\/tours\/skyline-day-tour-of-nyc\/\"]}]},{\"@type\":\"ImageObject\",\"inLanguage\":\"es\",\"@id\":\"https:\/\/www.royalcitytours.com\/tours\/skyline-day-tour-of-nyc\/#primaryimage\",\"url\":\"https:\/\/www.royalcitytours.com\/wp-content\/uploads\/2020\/07\/Day-Skyline-Panorama-Manhattan-New-York-City-NY-05.jpg\",\"contentUrl\":\"https:\/\/www.royalcitytours.com\/wp-content\/uploads\/2020\/07\/Day-Skyline-Panorama-Manhattan-New-York-City-NY-05.jpg\",\"width\":1200,\"height\":800,\"caption\":\"Day Skyline Panorama Manhattan New York City NY\"},{\"@type\":\"BreadcrumbList\",\"@id\":\"https:\/\/www.royalcitytours.com\/tours\/skyline-day-tour-of-nyc\/#breadcrumb\",\"itemListElement\":[{\"@type\":\"ListItem\",\"position\":1,\"name\":\"Royal City Tours\",\"item\":\"https:\/\/www.royalcitytours.com\/\"},{\"@type\":\"ListItem\",\"position\":2,\"name\":\"Shop\",\"item\":\"https:\/\/www.royalcitytours.com\/shop\/\"},{\"@type\":\"ListItem\",\"position\":3,\"name\":\"Skyline Day Tour of NYC\"}]},{\"@type\":\"WebSite\",\"@id\":\"https:\/\/www.royalcitytours.com\/#website\",\"url\":\"https:\/\/www.royalcitytours.com\/\",\"name\":\"Royal City Tours\",\"description\":\"Offering a diamond experience with our premium tours\",\"publisher\":{\"@id\":\"https:\/\/www.royalcitytours.com\/#organization\"},\"potentialAction\":[{\"@type\":\"SearchAction\",\"target\":{\"@type\":\"EntryPoint\",\"urlTemplate\":\"https:\/\/www.royalcitytours.com\/?s={search_term_string}\"},\"query-input\":{\"@type\":\"PropertyValueSpecification\",\"valueRequired\":true,\"valueName\":\"search_term_string\"}}],\"inLanguage\":\"es\"},{\"@type\":\"Organization\",\"@id\":\"https:\/\/www.royalcitytours.com\/#organization\",\"name\":\"Royal City Tours\",\"url\":\"https:\/\/www.royalcitytours.com\/\",\"logo\":{\"@type\":\"ImageObject\",\"inLanguage\":\"es\",\"@id\":\"https:\/\/www.royalcitytours.com\/#\/schema\/logo\/image\/\",\"url\":\"https:\/\/www.royalcitytours.com\/wp-content\/uploads\/2017\/07\/logo-avatar.jpg\",\"contentUrl\":\"https:\/\/www.royalcitytours.com\/wp-content\/uploads\/2017\/07\/logo-avatar.jpg\",\"width\":200,\"height\":200,\"caption\":\"Royal City Tours\"},\"image\":{\"@id\":\"https:\/\/www.royalcitytours.com\/#\/schema\/logo\/image\/\"},\"sameAs\":[\"https:\/\/www.facebook.com\/RoyalCityTours\/\",\"https:\/\/x.com\/royalcitytours\",\"https:\/\/www.instagram.com\/royalcitytours\/\"]}]}<\/script>\n<!-- \/ Yoast SEO plugin. -->","yoast_head_json":{"title":"Skyline Day Tour of NYC | Royal City Tours","description":"Join us for a morning of Spectacular skyline panoramic views of legendary New York City!","robots":{"index":"index","follow":"follow","max-snippet":"max-snippet:-1","max-image-preview":"max-image-preview:large","max-video-preview":"max-video-preview:-1"},"canonical":"https:\/\/www.royalcitytours.com\/es\/tours\/skyline-day-tour-of-nyc\/","og_locale":"es_ES","og_type":"article","og_title":"Skyline Day Tour of NYC | Royal City Tours","og_description":"Join us for a morning of Spectacular skyline panoramic views of legendary New York City!","og_url":"https:\/\/www.royalcitytours.com\/es\/tours\/skyline-day-tour-of-nyc\/","og_site_name":"Royal City Tours","article_publisher":"https:\/\/www.facebook.com\/RoyalCityTours\/","article_modified_time":"2026-02-22T18:21:52+00:00","og_image":[{"width":1200,"height":800,"url":"https:\/\/www.royalcitytours.com\/wp-content\/uploads\/2020\/07\/Day-Skyline-Panorama-Manhattan-New-York-City-NY-05.jpg","type":"image\/jpeg"}],"twitter_card":"summary_large_image","twitter_site":"@royalcitytours","twitter_misc":{"Tiempo de lectura":"1 minuto"},"schema":{"@context":"https:\/\/schema.org","@graph":[{"@type":"WebPage","@id":"https:\/\/www.royalcitytours.com\/tours\/skyline-day-tour-of-nyc\/","url":"https:\/\/www.royalcitytours.com\/tours\/skyline-day-tour-of-nyc\/","name":"Skyline Day Tour of NYC | Royal City Tours","isPartOf":{"@id":"https:\/\/www.royalcitytours.com\/#website"},"primaryImageOfPage":{"@id":"https:\/\/www.royalcitytours.com\/tours\/skyline-day-tour-of-nyc\/#primaryimage"},"image":{"@id":"https:\/\/www.royalcitytours.com\/tours\/skyline-day-tour-of-nyc\/#primaryimage"},"thumbnailUrl":"https:\/\/www.royalcitytours.com\/wp-content\/uploads\/2020\/07\/Day-Skyline-Panorama-Manhattan-New-York-City-NY-05.jpg","datePublished":"2020-07-15T05:15:30+00:00","dateModified":"2026-02-22T18:21:52+00:00","description":"Join us for a morning of Spectacular skyline panoramic views of legendary New York City!","breadcrumb":{"@id":"https:\/\/www.royalcitytours.com\/tours\/skyline-day-tour-of-nyc\/#breadcrumb"},"inLanguage":"es","potentialAction":[{"@type":"ReadAction","target":["https:\/\/www.royalcitytours.com\/tours\/skyline-day-tour-of-nyc\/"]}]},{"@type":"ImageObject","inLanguage":"es","@id":"https:\/\/www.royalcitytours.com\/tours\/skyline-day-tour-of-nyc\/#primaryimage","url":"https:\/\/www.royalcitytours.com\/wp-content\/uploads\/2020\/07\/Day-Skyline-Panorama-Manhattan-New-York-City-NY-05.jpg","contentUrl":"https:\/\/www.royalcitytours.com\/wp-content\/uploads\/2020\/07\/Day-Skyline-Panorama-Manhattan-New-York-City-NY-05.jpg","width":1200,"height":800,"caption":"Day Skyline Panorama Manhattan New York City NY"},{"@type":"BreadcrumbList","@id":"https:\/\/www.royalcitytours.com\/tours\/skyline-day-tour-of-nyc\/#breadcrumb","itemListElement":[{"@type":"ListItem","position":1,"name":"Royal City Tours","item":"https:\/\/www.royalcitytours.com\/"},{"@type":"ListItem","position":2,"name":"Shop","item":"https:\/\/www.royalcitytours.com\/shop\/"},{"@type":"ListItem","position":3,"name":"Skyline Day Tour of NYC"}]},{"@type":"WebSite","@id":"https:\/\/www.royalcitytours.com\/#website","url":"https:\/\/www.royalcitytours.com\/","name":"Royal City Tours","description":"Offering a diamond experience with our premium tours","publisher":{"@id":"https:\/\/www.royalcitytours.com\/#organization"},"potentialAction":[{"@type":"SearchAction","target":{"@type":"EntryPoint","urlTemplate":"https:\/\/www.royalcitytours.com\/?s={search_term_string}"},"query-input":{"@type":"PropertyValueSpecification","valueRequired":true,"valueName":"search_term_string"}}],"inLanguage":"es"},{"@type":"Organization","@id":"https:\/\/www.royalcitytours.com\/#organization","name":"Royal City Tours","url":"https:\/\/www.royalcitytours.com\/","logo":{"@type":"ImageObject","inLanguage":"es","@id":"https:\/\/www.royalcitytours.com\/#\/schema\/logo\/image\/","url":"https:\/\/www.royalcitytours.com\/wp-content\/uploads\/2017\/07\/logo-avatar.jpg","contentUrl":"https:\/\/www.royalcitytours.com\/wp-content\/uploads\/2017\/07\/logo-avatar.jpg","width":200,"height":200,"caption":"Royal City Tours"},"image":{"@id":"https:\/\/www.royalcitytours.com\/#\/schema\/logo\/image\/"},"sameAs":["https:\/\/www.facebook.com\/RoyalCityTours\/","https:\/\/x.com\/royalcitytours","https:\/\/www.instagram.com\/royalcitytours\/"]}]}},"_links":{"self":[{"href":"https:\/\/www.royalcitytours.com\/es\/wp-json\/wp\/v2\/product\/4801","targetHints":{"allow":["GET"]}}],"collection":[{"href":"https:\/\/www.royalcitytours.com\/es\/wp-json\/wp\/v2\/product"}],"about":[{"href":"https:\/\/www.royalcitytours.com\/es\/wp-json\/wp\/v2\/types\/product"}],"replies":[{"embeddable":true,"href":"https:\/\/www.royalcitytours.com\/es\/wp-json\/wp\/v2\/comments?post=4801"}],"wp:featuredmedia":[{"embeddable":true,"href":"https:\/\/www.royalcitytours.com\/es\/wp-json\/wp\/v2\/media\/4803"}],"wp:attachment":[{"href":"https:\/\/www.royalcitytours.com\/es\/wp-json\/wp\/v2\/media?parent=4801"}],"wp:term":[{"taxonomy":"product_brand","embeddable":true,"href":"https:\/\/www.royalcitytours.com\/es\/wp-json\/wp\/v2\/product_brand?post=4801"},{"taxonomy":"product_cat","embeddable":true,"href":"https:\/\/www.royalcitytours.com\/es\/wp-json\/wp\/v2\/product_cat?post=4801"},{"taxonomy":"product_tag","embeddable":true,"href":"https:\/\/www.royalcitytours.com\/es\/wp-json\/wp\/v2\/product_tag?post=4801"}],"curies":[{"name":"wp","href":"https:\/\/api.w.org\/{rel}","templated":true}]}}