{"id":4774,"date":"2020-03-04T00:41:30","date_gmt":"2020-03-04T05:41:30","guid":{"rendered":"https:\/\/www.royalcitytours.com\/?post_type=product&#038;p=4774"},"modified":"2026-03-26T12:06:48","modified_gmt":"2026-03-26T16:06:48","slug":"niagara-falls-tour-from-nyc","status":"publish","type":"product","link":"https:\/\/www.royalcitytours.com\/es\/tours\/niagara-falls-tour-from-nyc\/","title":{"rendered":"Niagara Falls One Day Tour"},"content":{"rendered":"<p>\u00a1Royal City Tours lo lleva a explorar una de las maravillas naturales del mundo!\nLe ofrecemos lo mejor de las Cataratas del Ni\u00e1gara con esta excursi\u00f3n de un d\u00eda que parte desde la ciudad de Nueva York por v\u00eda terrestre. Es una oportunidad que no se puede perder.<br \/>\nEscuche el rugido de las cataratas, admire los magn\u00edficos arco\u00edris o contemple el impresionante espect\u00e1culo de luces por la noche mientras observa los fuegos artificiales iluminando el cielo sobre las cascadas. Sienta el agua en su rostro mientras la bruma lo envuelve con su belleza.\nLas Cataratas del Ni\u00e1gara le dejar\u00e1n sin aliento.<\/p>\n<p style=\"text-align: center;\"><iframe title=\"YouTube video player\" data-src=\"https:\/\/www.youtube.com\/embed\/bw7ccjLklt0?controls=0\" width=\"300\" height=\"200\" frameborder=\"0\" allowfullscreen=\"allowfullscreen\" src=\"data:image\/gif;base64,R0lGODlhAQABAAAAACH5BAEKAAEALAAAAAABAAEAAAICTAEAOw==\" class=\"lazyload\" data-load-mode=\"1\"><\/iframe><\/p>","protected":false},"excerpt":{"rendered":"<p>Siente el estruendo, contempla los arco\u00edris y observa c\u00f3mo las Cataratas del Ni\u00e1gara iluminan el cielo nocturno \u2014 una excursi\u00f3n inolvidable desde NYC que te lleva cara a cara con una de las maravillas naturales m\u00e1s poderosas del planeta.<\/p>","protected":false},"featured_media":4776,"comment_status":"open","ping_status":"closed","template":"","meta":{"_glsr_average":0,"_glsr_ranking":0,"_glsr_reviews":0},"product_brand":[],"product_cat":[67],"product_tag":[],"class_list":{"0":"post-4774","1":"product","2":"type-product","3":"status-publish","4":"has-post-thumbnail","6":"product_cat-uncategorized","7":"tour_category-daytours","8":"tour_category-deals-and-discounts","9":"tour_category-full-day","10":"tour_category-hop-on-hop-off","11":"tour_category-niagara-falls","12":"tour_category-night-tours","14":"first","15":"instock","16":"sale","17":"shipping-taxable","18":"purchasable","19":"product-type-tour"},"yoast_head":"<!-- This site is optimized with the Yoast SEO plugin v26.9 - https:\/\/yoast.com\/product\/yoast-seo-wordpress\/ -->\n<title>Niagara Falls One Day Tour | Royal City Tours<\/title>\n<meta name=\"description\" content=\"Royal City Tours takes you to explore the best of Niagara Falls with this one-day excursion departing from NYC by land. It is an opportunity not to be missed. %\" \/>\n<meta name=\"robots\" content=\"index, follow, max-snippet:-1, max-image-preview:large, max-video-preview:-1\" \/>\n<link rel=\"canonical\" href=\"https:\/\/www.royalcitytours.com\/es\/tours\/niagara-falls-tour-from-nyc\/\" \/>\n<meta property=\"og:locale\" content=\"es_ES\" \/>\n<meta property=\"og:type\" content=\"article\" \/>\n<meta property=\"og:title\" content=\"Niagara Falls One Day Tour | Royal City Tours\" \/>\n<meta property=\"og:description\" content=\"Royal City Tours takes you to explore the best of Niagara Falls with this one-day excursion departing from NYC by land. It is an opportunity not to be missed. %\" \/>\n<meta property=\"og:url\" content=\"https:\/\/www.royalcitytours.com\/es\/tours\/niagara-falls-tour-from-nyc\/\" \/>\n<meta property=\"og:site_name\" content=\"Royal City Tours\" \/>\n<meta property=\"article:publisher\" content=\"https:\/\/www.facebook.com\/RoyalCityTours\/\" \/>\n<meta property=\"article:modified_time\" content=\"2026-03-26T16:06:48+00:00\" \/>\n<meta property=\"og:image\" content=\"https:\/\/www.royalcitytours.com\/wp-content\/uploads\/2020\/03\/Niagara-01-scaled.jpg\" \/>\n\t<meta property=\"og:image:width\" content=\"2560\" \/>\n\t<meta property=\"og:image:height\" content=\"1244\" \/>\n\t<meta property=\"og:image:type\" content=\"image\/jpeg\" \/>\n<meta name=\"twitter:card\" content=\"summary_large_image\" \/>\n<meta name=\"twitter:site\" content=\"@royalcitytours\" \/>\n<meta name=\"twitter:label1\" content=\"Tiempo de lectura\" \/>\n\t<meta name=\"twitter:data1\" content=\"1 minuto\" \/>\n<script type=\"application\/ld+json\" class=\"yoast-schema-graph\">{\"@context\":\"https:\/\/schema.org\",\"@graph\":[{\"@type\":\"WebPage\",\"@id\":\"https:\/\/www.royalcitytours.com\/tours\/niagara-falls-tour-from-nyc\/\",\"url\":\"https:\/\/www.royalcitytours.com\/tours\/niagara-falls-tour-from-nyc\/\",\"name\":\"Niagara Falls One Day Tour | Royal City Tours\",\"isPartOf\":{\"@id\":\"https:\/\/www.royalcitytours.com\/#website\"},\"primaryImageOfPage\":{\"@id\":\"https:\/\/www.royalcitytours.com\/tours\/niagara-falls-tour-from-nyc\/#primaryimage\"},\"image\":{\"@id\":\"https:\/\/www.royalcitytours.com\/tours\/niagara-falls-tour-from-nyc\/#primaryimage\"},\"thumbnailUrl\":\"https:\/\/www.royalcitytours.com\/wp-content\/uploads\/2020\/03\/Niagara-01-scaled.jpg\",\"datePublished\":\"2020-03-04T05:41:30+00:00\",\"dateModified\":\"2026-03-26T16:06:48+00:00\",\"description\":\"Royal City Tours takes you to explore the best of Niagara Falls with this one-day excursion departing from NYC by land. It is an opportunity not to be missed. %\",\"breadcrumb\":{\"@id\":\"https:\/\/www.royalcitytours.com\/tours\/niagara-falls-tour-from-nyc\/#breadcrumb\"},\"inLanguage\":\"es\",\"potentialAction\":[{\"@type\":\"ReadAction\",\"target\":[\"https:\/\/www.royalcitytours.com\/tours\/niagara-falls-tour-from-nyc\/\"]}]},{\"@type\":\"ImageObject\",\"inLanguage\":\"es\",\"@id\":\"https:\/\/www.royalcitytours.com\/tours\/niagara-falls-tour-from-nyc\/#primaryimage\",\"url\":\"https:\/\/www.royalcitytours.com\/wp-content\/uploads\/2020\/03\/Niagara-01-scaled.jpg\",\"contentUrl\":\"https:\/\/www.royalcitytours.com\/wp-content\/uploads\/2020\/03\/Niagara-01-scaled.jpg\",\"width\":2560,\"height\":1244},{\"@type\":\"BreadcrumbList\",\"@id\":\"https:\/\/www.royalcitytours.com\/tours\/niagara-falls-tour-from-nyc\/#breadcrumb\",\"itemListElement\":[{\"@type\":\"ListItem\",\"position\":1,\"name\":\"Royal City Tours\",\"item\":\"https:\/\/www.royalcitytours.com\/\"},{\"@type\":\"ListItem\",\"position\":2,\"name\":\"Shop\",\"item\":\"https:\/\/www.royalcitytours.com\/shop\/\"},{\"@type\":\"ListItem\",\"position\":3,\"name\":\"Niagara Falls One Day Tour\"}]},{\"@type\":\"WebSite\",\"@id\":\"https:\/\/www.royalcitytours.com\/#website\",\"url\":\"https:\/\/www.royalcitytours.com\/\",\"name\":\"Royal City Tours\",\"description\":\"Offering a diamond experience with our premium tours\",\"publisher\":{\"@id\":\"https:\/\/www.royalcitytours.com\/#organization\"},\"potentialAction\":[{\"@type\":\"SearchAction\",\"target\":{\"@type\":\"EntryPoint\",\"urlTemplate\":\"https:\/\/www.royalcitytours.com\/?s={search_term_string}\"},\"query-input\":{\"@type\":\"PropertyValueSpecification\",\"valueRequired\":true,\"valueName\":\"search_term_string\"}}],\"inLanguage\":\"es\"},{\"@type\":\"Organization\",\"@id\":\"https:\/\/www.royalcitytours.com\/#organization\",\"name\":\"Royal City Tours\",\"url\":\"https:\/\/www.royalcitytours.com\/\",\"logo\":{\"@type\":\"ImageObject\",\"inLanguage\":\"es\",\"@id\":\"https:\/\/www.royalcitytours.com\/#\/schema\/logo\/image\/\",\"url\":\"https:\/\/www.royalcitytours.com\/wp-content\/uploads\/2017\/07\/logo-avatar.jpg\",\"contentUrl\":\"https:\/\/www.royalcitytours.com\/wp-content\/uploads\/2017\/07\/logo-avatar.jpg\",\"width\":200,\"height\":200,\"caption\":\"Royal City Tours\"},\"image\":{\"@id\":\"https:\/\/www.royalcitytours.com\/#\/schema\/logo\/image\/\"},\"sameAs\":[\"https:\/\/www.facebook.com\/RoyalCityTours\/\",\"https:\/\/x.com\/royalcitytours\",\"https:\/\/www.instagram.com\/royalcitytours\/\"]}]}<\/script>\n<!-- \/ Yoast SEO plugin. -->","yoast_head_json":{"title":"Niagara Falls One Day Tour | Royal City Tours","description":"Royal City Tours takes you to explore the best of Niagara Falls with this one-day excursion departing from NYC by land. It is an opportunity not to be missed. %","robots":{"index":"index","follow":"follow","max-snippet":"max-snippet:-1","max-image-preview":"max-image-preview:large","max-video-preview":"max-video-preview:-1"},"canonical":"https:\/\/www.royalcitytours.com\/es\/tours\/niagara-falls-tour-from-nyc\/","og_locale":"es_ES","og_type":"article","og_title":"Niagara Falls One Day Tour | Royal City Tours","og_description":"Royal City Tours takes you to explore the best of Niagara Falls with this one-day excursion departing from NYC by land. It is an opportunity not to be missed. %","og_url":"https:\/\/www.royalcitytours.com\/es\/tours\/niagara-falls-tour-from-nyc\/","og_site_name":"Royal City Tours","article_publisher":"https:\/\/www.facebook.com\/RoyalCityTours\/","article_modified_time":"2026-03-26T16:06:48+00:00","og_image":[{"width":2560,"height":1244,"url":"https:\/\/www.royalcitytours.com\/wp-content\/uploads\/2020\/03\/Niagara-01-scaled.jpg","type":"image\/jpeg"}],"twitter_card":"summary_large_image","twitter_site":"@royalcitytours","twitter_misc":{"Tiempo de lectura":"1 minuto"},"schema":{"@context":"https:\/\/schema.org","@graph":[{"@type":"WebPage","@id":"https:\/\/www.royalcitytours.com\/tours\/niagara-falls-tour-from-nyc\/","url":"https:\/\/www.royalcitytours.com\/tours\/niagara-falls-tour-from-nyc\/","name":"Niagara Falls One Day Tour | Royal City Tours","isPartOf":{"@id":"https:\/\/www.royalcitytours.com\/#website"},"primaryImageOfPage":{"@id":"https:\/\/www.royalcitytours.com\/tours\/niagara-falls-tour-from-nyc\/#primaryimage"},"image":{"@id":"https:\/\/www.royalcitytours.com\/tours\/niagara-falls-tour-from-nyc\/#primaryimage"},"thumbnailUrl":"https:\/\/www.royalcitytours.com\/wp-content\/uploads\/2020\/03\/Niagara-01-scaled.jpg","datePublished":"2020-03-04T05:41:30+00:00","dateModified":"2026-03-26T16:06:48+00:00","description":"Royal City Tours takes you to explore the best of Niagara Falls with this one-day excursion departing from NYC by land. It is an opportunity not to be missed. %","breadcrumb":{"@id":"https:\/\/www.royalcitytours.com\/tours\/niagara-falls-tour-from-nyc\/#breadcrumb"},"inLanguage":"es","potentialAction":[{"@type":"ReadAction","target":["https:\/\/www.royalcitytours.com\/tours\/niagara-falls-tour-from-nyc\/"]}]},{"@type":"ImageObject","inLanguage":"es","@id":"https:\/\/www.royalcitytours.com\/tours\/niagara-falls-tour-from-nyc\/#primaryimage","url":"https:\/\/www.royalcitytours.com\/wp-content\/uploads\/2020\/03\/Niagara-01-scaled.jpg","contentUrl":"https:\/\/www.royalcitytours.com\/wp-content\/uploads\/2020\/03\/Niagara-01-scaled.jpg","width":2560,"height":1244},{"@type":"BreadcrumbList","@id":"https:\/\/www.royalcitytours.com\/tours\/niagara-falls-tour-from-nyc\/#breadcrumb","itemListElement":[{"@type":"ListItem","position":1,"name":"Royal City Tours","item":"https:\/\/www.royalcitytours.com\/"},{"@type":"ListItem","position":2,"name":"Shop","item":"https:\/\/www.royalcitytours.com\/shop\/"},{"@type":"ListItem","position":3,"name":"Niagara Falls One Day Tour"}]},{"@type":"WebSite","@id":"https:\/\/www.royalcitytours.com\/#website","url":"https:\/\/www.royalcitytours.com\/","name":"Royal City Tours","description":"Offering a diamond experience with our premium tours","publisher":{"@id":"https:\/\/www.royalcitytours.com\/#organization"},"potentialAction":[{"@type":"SearchAction","target":{"@type":"EntryPoint","urlTemplate":"https:\/\/www.royalcitytours.com\/?s={search_term_string}"},"query-input":{"@type":"PropertyValueSpecification","valueRequired":true,"valueName":"search_term_string"}}],"inLanguage":"es"},{"@type":"Organization","@id":"https:\/\/www.royalcitytours.com\/#organization","name":"Royal City Tours","url":"https:\/\/www.royalcitytours.com\/","logo":{"@type":"ImageObject","inLanguage":"es","@id":"https:\/\/www.royalcitytours.com\/#\/schema\/logo\/image\/","url":"https:\/\/www.royalcitytours.com\/wp-content\/uploads\/2017\/07\/logo-avatar.jpg","contentUrl":"https:\/\/www.royalcitytours.com\/wp-content\/uploads\/2017\/07\/logo-avatar.jpg","width":200,"height":200,"caption":"Royal City Tours"},"image":{"@id":"https:\/\/www.royalcitytours.com\/#\/schema\/logo\/image\/"},"sameAs":["https:\/\/www.facebook.com\/RoyalCityTours\/","https:\/\/x.com\/royalcitytours","https:\/\/www.instagram.com\/royalcitytours\/"]}]}},"_links":{"self":[{"href":"https:\/\/www.royalcitytours.com\/es\/wp-json\/wp\/v2\/product\/4774","targetHints":{"allow":["GET"]}}],"collection":[{"href":"https:\/\/www.royalcitytours.com\/es\/wp-json\/wp\/v2\/product"}],"about":[{"href":"https:\/\/www.royalcitytours.com\/es\/wp-json\/wp\/v2\/types\/product"}],"replies":[{"embeddable":true,"href":"https:\/\/www.royalcitytours.com\/es\/wp-json\/wp\/v2\/comments?post=4774"}],"wp:featuredmedia":[{"embeddable":true,"href":"https:\/\/www.royalcitytours.com\/es\/wp-json\/wp\/v2\/media\/4776"}],"wp:attachment":[{"href":"https:\/\/www.royalcitytours.com\/es\/wp-json\/wp\/v2\/media?parent=4774"}],"wp:term":[{"taxonomy":"product_brand","embeddable":true,"href":"https:\/\/www.royalcitytours.com\/es\/wp-json\/wp\/v2\/product_brand?post=4774"},{"taxonomy":"product_cat","embeddable":true,"href":"https:\/\/www.royalcitytours.com\/es\/wp-json\/wp\/v2\/product_cat?post=4774"},{"taxonomy":"product_tag","embeddable":true,"href":"https:\/\/www.royalcitytours.com\/es\/wp-json\/wp\/v2\/product_tag?post=4774"}],"curies":[{"name":"wp","href":"https:\/\/api.w.org\/{rel}","templated":true}]}}